{"id":1947,"date":"2024-07-22T22:08:22","date_gmt":"2024-07-22T20:08:22","guid":{"rendered":"https:\/\/villa-vena.pl\/?page_id=1947"},"modified":"2024-09-23T15:14:38","modified_gmt":"2024-09-23T13:14:38","slug":"okolica","status":"publish","type":"page","link":"https:\/\/villa-vena.pl\/en\/okolica\/","title":{"rendered":"Okolica"},"content":{"rendered":"<div data-elementor-type=\"wp-page\" data-elementor-id=\"1947\" class=\"elementor elementor-1947\" data-elementor-post-type=\"page\">\n\t\t\t\t<div class=\"elementor-element elementor-element-ebf75fb e-flex e-con-boxed e-con e-child\" data-id=\"ebf75fb\" data-element_type=\"container\">\n\t\t\t\t\t<div class=\"e-con-inner\">\n\t\t\t\t<div class=\"elementor-element elementor-element-dd7405c elementor-widget__width-initial elementor-widget elementor-widget-heading\" data-id=\"dd7405c\" data-element_type=\"widget\" data-widget_type=\"heading.default\">\n\t\t\t\t<div class=\"elementor-widget-container\">\n\t\t\t\t\t<h4 class=\"elementor-heading-title elementor-size-default\">Okolica<\/h4>\t\t\t\t<\/div>\n\t\t\t\t<\/div>\n\t\t\t\t<div class=\"elementor-element elementor-element-e65e33a elementor-widget__width-initial elementor-invisible elementor-widget elementor-widget-heading\" data-id=\"e65e33a\" data-element_type=\"widget\" data-settings=\"{&quot;_animation&quot;:&quot;fadeInLeft&quot;,&quot;_animation_delay&quot;:400}\" data-widget_type=\"heading.default\">\n\t\t\t\t<div class=\"elementor-widget-container\">\n\t\t\t\t\t<h3 class=\"elementor-heading-title elementor-size-default\">Odkryj osza\u0142amiaj\u0105ce pi\u0119kno Zakopanego<\/h3>\t\t\t\t<\/div>\n\t\t\t\t<\/div>\n\t\t\t\t\t<\/div>\n\t\t\t\t<\/div>\n\t\t<div class=\"elementor-element elementor-element-af07703 e-flex e-con-boxed e-con e-parent\" data-id=\"af07703\" data-element_type=\"container\">\n\t\t\t\t\t<div class=\"e-con-inner\">\n\t\t<div class=\"elementor-element elementor-element-0aa7bcf e-con-full e-flex e-con e-child\" data-id=\"0aa7bcf\" data-element_type=\"container\" data-settings=\"{&quot;background_background&quot;:&quot;classic&quot;}\">\n\t\t\t\t<div class=\"elementor-element elementor-element-a90f0c1 elementor-widget elementor-widget-spacer\" data-id=\"a90f0c1\" data-element_type=\"widget\" data-widget_type=\"spacer.default\">\n\t\t\t\t<div class=\"elementor-widget-container\">\n\t\t\t\t\t\t\t<div class=\"elementor-spacer\">\n\t\t\t<div class=\"elementor-spacer-inner\"><\/div>\n\t\t<\/div>\n\t\t\t\t\t\t<\/div>\n\t\t\t\t<\/div>\n\t\t\t\t<\/div>\n\t\t<div class=\"elementor-element elementor-element-d2756ae e-con-full e-flex e-con e-child\" data-id=\"d2756ae\" data-element_type=\"container\">\n\t\t\t\t<div class=\"elementor-element elementor-element-f897f30 elementor-invisible elementor-widget elementor-widget-heading\" data-id=\"f897f30\" data-element_type=\"widget\" data-settings=\"{&quot;_animation&quot;:&quot;fadeInRight&quot;,&quot;_animation_delay&quot;:300}\" data-widget_type=\"heading.default\">\n\t\t\t\t<div class=\"elementor-widget-container\">\n\t\t\t\t\t<h3 class=\"elementor-heading-title elementor-size-default\">Zakopane<\/h3>\t\t\t\t<\/div>\n\t\t\t\t<\/div>\n\t\t\t\t<div class=\"elementor-element elementor-element-d6cf078 elementor-widget__width-initial elementor-invisible elementor-widget elementor-widget-text-editor\" data-id=\"d6cf078\" data-element_type=\"widget\" data-settings=\"{&quot;_animation&quot;:&quot;fadeIn&quot;,&quot;_animation_delay&quot;:500}\" data-widget_type=\"text-editor.default\">\n\t\t\t\t<div class=\"elementor-widget-container\">\n\t\t\t\t\t\t\t\t\t<p>Po\u0142o\u017cona w sercu magicznego zimowego kurortu Zakopane, Villa Vena jest jednym z nielicznych obiekt\u00f3w takiej klasy. Otoczona zapieraj\u0105cymi dech w piersiach Tatrami,&nbsp;&nbsp;przestronna willa posiada trzy apartamenty, winiarni\u0119, bibliotek\u0119 z miejscem do wypoczynku, stref\u0119 jogi i medytacji, spa, liczne tarasy oraz miejsca do siedzenia na \u015bwie\u017cym powietrzu a wszystko harmonijnie zintegrowane z bujnym, naturalnym krajobrazem. Dzi\u0119ki wykorzystaniu naturalnych materia\u0142\u00f3w, w po\u0142\u0105czeniu z indywidualn\u0105 obs\u0142ug\u0105, nasza wizja skupia si\u0119 na urzeczywistnianiu marze\u0144 o obcowaniu z \u017cywio\u0142em g\u00f3r. Tworz\u0105c inspiruj\u0105ce miejsce i niezwyk\u0142e do\u015bwiadczenia redefiniujemy luksus w g\u00f3rskiej ods\u0142onie. Obcuj\u0105c z pi\u0119knem i dziko\u015bci\u0105 naturalnego \u015brodowiska, wystarczy uwolni\u0107 ducha przygody i pozwoli\u0107 aby urzekaj\u0105ca opowie\u015b\u0107 o Zakopanem poprowadzi\u0142a Ci\u0119 ku odkrywaniu siebie oraz tej niesamowitej okolicy.&nbsp;<\/p>\t\t\t\t\t\t\t\t<\/div>\n\t\t\t\t<\/div>\n\t\t\t\t<\/div>\n\t\t\t\t\t<\/div>\n\t\t\t\t<\/div>\n\t\t<div class=\"elementor-element elementor-element-92d98ec e-flex e-con-boxed e-con e-parent\" data-id=\"92d98ec\" data-element_type=\"container\">\n\t\t\t\t\t<div class=\"e-con-inner\">\n\t\t<div class=\"elementor-element elementor-element-6368248 e-con-full e-flex e-con e-child\" data-id=\"6368248\" data-element_type=\"container\">\n\t\t\t\t<div class=\"elementor-element elementor-element-0fde0df elementor-invisible elementor-widget elementor-widget-heading\" data-id=\"0fde0df\" data-element_type=\"widget\" data-settings=\"{&quot;_animation&quot;:&quot;fadeInRight&quot;,&quot;_animation_delay&quot;:300}\" data-widget_type=\"heading.default\">\n\t\t\t\t<div class=\"elementor-widget-container\">\n\t\t\t\t\t<h3 class=\"elementor-heading-title elementor-size-default\">Tatry<\/h3>\t\t\t\t<\/div>\n\t\t\t\t<\/div>\n\t\t\t\t<div class=\"elementor-element elementor-element-4fd0524 elementor-widget__width-initial elementor-invisible elementor-widget elementor-widget-text-editor\" data-id=\"4fd0524\" data-element_type=\"widget\" data-settings=\"{&quot;_animation&quot;:&quot;fadeIn&quot;,&quot;_animation_delay&quot;:500}\" data-widget_type=\"text-editor.default\">\n\t\t\t\t<div class=\"elementor-widget-container\">\n\t\t\t\t\t\t\t\t\t<p>Tatry, najwy\u017csze pasmo g\u00f3rskie w Polsce, to miejsce, gdzie natura ods\u0142ania swoje najbardziej spektakularne oblicze. Pot\u0119\u017cne szczyty wznosz\u0105 si\u0119 dumnie nad dolinami, tworz\u0105c krajobraz, kt\u00f3ry zachwyca o ka\u017cdej porze roku. To kr\u00f3lestwo dzikiej przyrody, gdzie majestatyczne or\u0142y kr\u0105\u017c\u0105 nad g\u0142owami, a krystalicznie czyste potoki p\u0142yn\u0105 przez malownicze doliny, pe\u0142ne bujnej ro\u015blinno\u015bci i unikalnych gatunk\u00f3w zwierz\u0105t.<\/p><p>Tatry to nie tylko przygoda i adrenalina, ale tak\u017ce miejsce kontemplacji i harmonii. W\u0119druj\u0105c po licznych szlakach, od \u0142agodnych spacer\u00f3w po wymagaj\u0105ce wspinaczki, mo\u017cna poczu\u0107 si\u0119 cz\u0119\u015bci\u0105 tego prastarego \u015bwiata, gdzie ka\u017cda ska\u0142a i ka\u017cde drzewo maj\u0105 swoj\u0105 histori\u0119. W sercu Tatr kryj\u0105 si\u0119 tak\u017ce tajemnicze jeziora, takie jak Morskie Oko czy Czarny Staw, kt\u00f3re w idealny spos\u00f3b odbijaj\u0105 otaczaj\u0105ce je szczyty, tworz\u0105c obrazy zapieraj\u0105ce dech w piersiach.<\/p><p>Tutaj, w otoczeniu surowej natury, luksus oznacza powr\u00f3t do prostoty i autentyczno\u015bci. W Tatry przybywa si\u0119, aby oderwa\u0107 si\u0119 od codzienno\u015bci, odnale\u017a\u0107 wewn\u0119trzny spok\u00f3j i poczu\u0107 moc g\u00f3rskiego \u017cywio\u0142u. Pozw\u00f3l, aby magia Tatr przenikn\u0119\u0142a Twoj\u0105 dusz\u0119, prowadz\u0105c Ci\u0119 ku niezapomnianym do\u015bwiadczeniom, kt\u00f3re na zawsze pozostan\u0105 w Twojej pami\u0119ci. To miejsce, gdzie odkryjesz nie tylko pi\u0119kno natury, ale i samego siebie, zanurzaj\u0105c si\u0119 w majestacie g\u00f3r, kt\u00f3re od wiek\u00f3w inspiruj\u0105 i fascynuj\u0105.<\/p>\t\t\t\t\t\t\t\t<\/div>\n\t\t\t\t<\/div>\n\t\t\t\t<\/div>\n\t\t<div class=\"elementor-element elementor-element-b492617 e-con-full e-flex e-con e-child\" data-id=\"b492617\" data-element_type=\"container\" data-settings=\"{&quot;background_background&quot;:&quot;classic&quot;}\">\n\t\t\t\t<div class=\"elementor-element elementor-element-974f056 elementor-widget elementor-widget-spacer\" data-id=\"974f056\" data-element_type=\"widget\" data-widget_type=\"spacer.default\">\n\t\t\t\t<div class=\"elementor-widget-container\">\n\t\t\t\t\t\t\t<div class=\"elementor-spacer\">\n\t\t\t<div class=\"elementor-spacer-inner\"><\/div>\n\t\t<\/div>\n\t\t\t\t\t\t<\/div>\n\t\t\t\t<\/div>\n\t\t\t\t<\/div>\n\t\t\t\t\t<\/div>\n\t\t\t\t<\/div>\n\t\t<div class=\"elementor-element elementor-element-f5a4497 e-flex e-con-boxed e-con e-parent\" data-id=\"f5a4497\" data-element_type=\"container\">\n\t\t\t\t\t<div class=\"e-con-inner\">\n\t\t<div class=\"elementor-element elementor-element-b40a5ac e-con-full e-flex e-con e-child\" data-id=\"b40a5ac\" data-element_type=\"container\">\n\t\t\t\t<div class=\"elementor-element elementor-element-f630d16 elementor-invisible elementor-widget elementor-widget-heading\" data-id=\"f630d16\" data-element_type=\"widget\" data-settings=\"{&quot;_animation&quot;:&quot;fadeInRight&quot;,&quot;_animation_delay&quot;:300}\" data-widget_type=\"heading.default\">\n\t\t\t\t<div class=\"elementor-widget-container\">\n\t\t\t\t\t<h3 class=\"elementor-heading-title elementor-size-default\">Zobacz te\u017c:<\/h3>\t\t\t\t<\/div>\n\t\t\t\t<\/div>\n\t\t\t\t<div class=\"elementor-element elementor-element-202abcc elementor-widget__width-initial elementor-icon-list--layout-traditional elementor-list-item-link-full_width elementor-widget elementor-widget-icon-list\" data-id=\"202abcc\" data-element_type=\"widget\" data-widget_type=\"icon-list.default\">\n\t\t\t\t<div class=\"elementor-widget-container\">\n\t\t\t\t\t\t\t<ul class=\"elementor-icon-list-items\">\n\t\t\t\t\t\t\t<li class=\"elementor-icon-list-item\">\n\t\t\t\t\t\t\t\t\t\t\t<a href=\"https:\/\/villa-vena.pl\/en\/zakwaterowanie\/apartamenty\/\">\n\n\t\t\t\t\t\t\t\t\t\t\t\t<span class=\"elementor-icon-list-icon\">\n\t\t\t\t\t\t\t<svg xmlns=\"http:\/\/www.w3.org\/2000\/svg\" viewbox=\"0 0 9 16\"><defs><style>      .cls-1 {          }    <\/style><\/defs><g><g id=\"Warstwa_1\"><path class=\"cls-1\" d=\"M1,16c-.3,0-.5,0-.7-.3-.4-.4-.4-1,0-1.4l6.3-6.3L.3,1.7C0,1.3,0,.7.3.3S1.3,0,1.7.3l7,7c.2.2.3.4.3.7s-.1.5-.3.7L1.7,15.7c-.2.2-.5.3-.7.3Z\"><\/path><\/g><\/g><\/svg>\t\t\t\t\t\t<\/span>\n\t\t\t\t\t\t\t\t\t\t<span class=\"elementor-icon-list-text\">Apartamenty<\/span>\n\t\t\t\t\t\t\t\t\t\t\t<\/a>\n\t\t\t\t\t\t\t\t\t<\/li>\n\t\t\t\t\t\t\t\t<li class=\"elementor-icon-list-item\">\n\t\t\t\t\t\t\t\t\t\t\t<a href=\"https:\/\/villa-vena.pl\/en\/zakwaterowanie\/joga-spa-wellness\/\">\n\n\t\t\t\t\t\t\t\t\t\t\t\t<span class=\"elementor-icon-list-icon\">\n\t\t\t\t\t\t\t<svg xmlns=\"http:\/\/www.w3.org\/2000\/svg\" viewbox=\"0 0 9 16\"><defs><style>      .cls-1 {          }    <\/style><\/defs><g><g id=\"Warstwa_1\"><path class=\"cls-1\" d=\"M1,16c-.3,0-.5,0-.7-.3-.4-.4-.4-1,0-1.4l6.3-6.3L.3,1.7C0,1.3,0,.7.3.3S1.3,0,1.7.3l7,7c.2.2.3.4.3.7s-.1.5-.3.7L1.7,15.7c-.2.2-.5.3-.7.3Z\"><\/path><\/g><\/g><\/svg>\t\t\t\t\t\t<\/span>\n\t\t\t\t\t\t\t\t\t\t<span class=\"elementor-icon-list-text\">Joga, SPA & Wellnes<\/span>\n\t\t\t\t\t\t\t\t\t\t\t<\/a>\n\t\t\t\t\t\t\t\t\t<\/li>\n\t\t\t\t\t\t\t\t<li class=\"elementor-icon-list-item\">\n\t\t\t\t\t\t\t\t\t\t\t<a href=\"https:\/\/villa-vena.pl\/en\/atrakcje\/\">\n\n\t\t\t\t\t\t\t\t\t\t\t\t<span class=\"elementor-icon-list-icon\">\n\t\t\t\t\t\t\t<svg xmlns=\"http:\/\/www.w3.org\/2000\/svg\" viewbox=\"0 0 9 16\"><defs><style>      .cls-1 {          }    <\/style><\/defs><g><g id=\"Warstwa_1\"><path class=\"cls-1\" d=\"M1,16c-.3,0-.5,0-.7-.3-.4-.4-.4-1,0-1.4l6.3-6.3L.3,1.7C0,1.3,0,.7.3.3S1.3,0,1.7.3l7,7c.2.2.3.4.3.7s-.1.5-.3.7L1.7,15.7c-.2.2-.5.3-.7.3Z\"><\/path><\/g><\/g><\/svg>\t\t\t\t\t\t<\/span>\n\t\t\t\t\t\t\t\t\t\t<span class=\"elementor-icon-list-text\">Atrakcje<\/span>\n\t\t\t\t\t\t\t\t\t\t\t<\/a>\n\t\t\t\t\t\t\t\t\t<\/li>\n\t\t\t\t\t\t<\/ul>\n\t\t\t\t\t\t<\/div>\n\t\t\t\t<\/div>\n\t\t\t\t<\/div>\n\t\t\t\t\t<\/div>\n\t\t\t\t<\/div>\n\t\t\t\t<\/div>","protected":false},"excerpt":{"rendered":"<p>Odkryj osza\u0142amiaj\u0105ce pi\u0119kno Zakopanego Zakopane Po\u0142o\u017cona w sercu magicznego zimowego kurortu Zakopane, Villa Vena jest jednym z nielicznych obiekt\u00f3w takiej klasy. Otoczona zapieraj\u0105cymi dech w piersiach Tatrami,&nbsp;&nbsp;przestronna willa posiada trzy apartamenty, winiarni\u0119, bibliotek\u0119 z miejscem do wypoczynku, stref\u0119 jogi i medytacji, spa, liczne tarasy oraz miejsca do siedzenia na \u015bwie\u017cym powietrzu a wszystko harmonijnie zintegrowane [&hellip;]<\/p>\n","protected":false},"author":1,"featured_media":0,"parent":0,"menu_order":0,"comment_status":"closed","ping_status":"closed","template":"","meta":{"footnotes":""},"class_list":["post-1947","page","type-page","status-publish","hentry"],"yoast_head":"<!-- This site is optimized with the Yoast SEO plugin v27.5 - https:\/\/yoast.com\/product\/yoast-seo-wordpress\/ -->\n<title>Okolica - Villa Vena<\/title>\n<meta name=\"robots\" content=\"index, follow, max-snippet:-1, max-image-preview:large, max-video-preview:-1\" \/>\n<link rel=\"canonical\" href=\"https:\/\/villa-vena.pl\/en\/okolica\/\" \/>\n<meta property=\"og:locale\" content=\"en_GB\" \/>\n<meta property=\"og:type\" content=\"article\" \/>\n<meta property=\"og:title\" content=\"Okolica - Villa Vena\" \/>\n<meta property=\"og:description\" content=\"Odkryj osza\u0142amiaj\u0105ce pi\u0119kno Zakopanego Zakopane Po\u0142o\u017cona w sercu magicznego zimowego kurortu Zakopane, Villa Vena jest jednym z nielicznych obiekt\u00f3w takiej klasy. Otoczona zapieraj\u0105cymi dech w piersiach Tatrami,&nbsp;&nbsp;przestronna willa posiada trzy apartamenty, winiarni\u0119, bibliotek\u0119 z miejscem do wypoczynku, stref\u0119 jogi i medytacji, spa, liczne tarasy oraz miejsca do siedzenia na \u015bwie\u017cym powietrzu a wszystko harmonijnie zintegrowane [&hellip;]\" \/>\n<meta property=\"og:url\" content=\"https:\/\/villa-vena.pl\/en\/okolica\/\" \/>\n<meta property=\"og:site_name\" content=\"Villa Vena\" \/>\n<meta property=\"article:modified_time\" content=\"2024-09-23T13:14:38+00:00\" \/>\n<meta name=\"twitter:card\" content=\"summary_large_image\" \/>\n<meta name=\"twitter:label1\" content=\"Estimated reading time\" \/>\n\t<meta name=\"twitter:data1\" content=\"2 minutes\" \/>\n<script type=\"application\/ld+json\" class=\"yoast-schema-graph\">{\"@context\":\"https:\\\/\\\/schema.org\",\"@graph\":[{\"@type\":\"WebPage\",\"@id\":\"https:\\\/\\\/villa-vena.pl\\\/okolica\\\/\",\"url\":\"https:\\\/\\\/villa-vena.pl\\\/okolica\\\/\",\"name\":\"Okolica - Villa Vena\",\"isPartOf\":{\"@id\":\"https:\\\/\\\/villa-vena.pl\\\/#website\"},\"datePublished\":\"2024-07-22T20:08:22+00:00\",\"dateModified\":\"2024-09-23T13:14:38+00:00\",\"breadcrumb\":{\"@id\":\"https:\\\/\\\/villa-vena.pl\\\/okolica\\\/#breadcrumb\"},\"inLanguage\":\"en-GB\",\"potentialAction\":[{\"@type\":\"ReadAction\",\"target\":[\"https:\\\/\\\/villa-vena.pl\\\/okolica\\\/\"]}]},{\"@type\":\"BreadcrumbList\",\"@id\":\"https:\\\/\\\/villa-vena.pl\\\/okolica\\\/#breadcrumb\",\"itemListElement\":[{\"@type\":\"ListItem\",\"position\":1,\"name\":\"Home\",\"item\":\"https:\\\/\\\/villa-vena.pl\\\/\"},{\"@type\":\"ListItem\",\"position\":2,\"name\":\"Okolica\"}]},{\"@type\":\"WebSite\",\"@id\":\"https:\\\/\\\/villa-vena.pl\\\/#website\",\"url\":\"https:\\\/\\\/villa-vena.pl\\\/\",\"name\":\"Villa Vena\",\"description\":\"Twoje miejsce w Zakopanem\",\"potentialAction\":[{\"@type\":\"SearchAction\",\"target\":{\"@type\":\"EntryPoint\",\"urlTemplate\":\"https:\\\/\\\/villa-vena.pl\\\/?s={search_term_string}\"},\"query-input\":{\"@type\":\"PropertyValueSpecification\",\"valueRequired\":true,\"valueName\":\"search_term_string\"}}],\"inLanguage\":\"en-GB\"}]}<\/script>\n<!-- \/ Yoast SEO plugin. -->","yoast_head_json":{"title":"Okolica - Villa Vena","robots":{"index":"index","follow":"follow","max-snippet":"max-snippet:-1","max-image-preview":"max-image-preview:large","max-video-preview":"max-video-preview:-1"},"canonical":"https:\/\/villa-vena.pl\/en\/okolica\/","og_locale":"en_GB","og_type":"article","og_title":"Okolica - Villa Vena","og_description":"Odkryj osza\u0142amiaj\u0105ce pi\u0119kno Zakopanego Zakopane Po\u0142o\u017cona w sercu magicznego zimowego kurortu Zakopane, Villa Vena jest jednym z nielicznych obiekt\u00f3w takiej klasy. Otoczona zapieraj\u0105cymi dech w piersiach Tatrami,&nbsp;&nbsp;przestronna willa posiada trzy apartamenty, winiarni\u0119, bibliotek\u0119 z miejscem do wypoczynku, stref\u0119 jogi i medytacji, spa, liczne tarasy oraz miejsca do siedzenia na \u015bwie\u017cym powietrzu a wszystko harmonijnie zintegrowane [&hellip;]","og_url":"https:\/\/villa-vena.pl\/en\/okolica\/","og_site_name":"Villa Vena","article_modified_time":"2024-09-23T13:14:38+00:00","twitter_card":"summary_large_image","twitter_misc":{"Estimated reading time":"2 minutes"},"schema":{"@context":"https:\/\/schema.org","@graph":[{"@type":"WebPage","@id":"https:\/\/villa-vena.pl\/okolica\/","url":"https:\/\/villa-vena.pl\/okolica\/","name":"Okolica - Villa Vena","isPartOf":{"@id":"https:\/\/villa-vena.pl\/#website"},"datePublished":"2024-07-22T20:08:22+00:00","dateModified":"2024-09-23T13:14:38+00:00","breadcrumb":{"@id":"https:\/\/villa-vena.pl\/okolica\/#breadcrumb"},"inLanguage":"en-GB","potentialAction":[{"@type":"ReadAction","target":["https:\/\/villa-vena.pl\/okolica\/"]}]},{"@type":"BreadcrumbList","@id":"https:\/\/villa-vena.pl\/okolica\/#breadcrumb","itemListElement":[{"@type":"ListItem","position":1,"name":"Home","item":"https:\/\/villa-vena.pl\/"},{"@type":"ListItem","position":2,"name":"Okolica"}]},{"@type":"WebSite","@id":"https:\/\/villa-vena.pl\/#website","url":"https:\/\/villa-vena.pl\/","name":"Villa Vena","description":"Twoje miejsce w Zakopanem","potentialAction":[{"@type":"SearchAction","target":{"@type":"EntryPoint","urlTemplate":"https:\/\/villa-vena.pl\/?s={search_term_string}"},"query-input":{"@type":"PropertyValueSpecification","valueRequired":true,"valueName":"search_term_string"}}],"inLanguage":"en-GB"}]}},"_links":{"self":[{"href":"https:\/\/villa-vena.pl\/en\/wp-json\/wp\/v2\/pages\/1947","targetHints":{"allow":["GET"]}}],"collection":[{"href":"https:\/\/villa-vena.pl\/en\/wp-json\/wp\/v2\/pages"}],"about":[{"href":"https:\/\/villa-vena.pl\/en\/wp-json\/wp\/v2\/types\/page"}],"author":[{"embeddable":true,"href":"https:\/\/villa-vena.pl\/en\/wp-json\/wp\/v2\/users\/1"}],"replies":[{"embeddable":true,"href":"https:\/\/villa-vena.pl\/en\/wp-json\/wp\/v2\/comments?post=1947"}],"version-history":[{"count":31,"href":"https:\/\/villa-vena.pl\/en\/wp-json\/wp\/v2\/pages\/1947\/revisions"}],"predecessor-version":[{"id":3281,"href":"https:\/\/villa-vena.pl\/en\/wp-json\/wp\/v2\/pages\/1947\/revisions\/3281"}],"wp:attachment":[{"href":"https:\/\/villa-vena.pl\/en\/wp-json\/wp\/v2\/media?parent=1947"}],"curies":[{"name":"wp","href":"https:\/\/api.w.org\/{rel}","templated":true}]}}