{"id":2185,"date":"2024-08-06T12:19:22","date_gmt":"2024-08-06T10:19:22","guid":{"rendered":"https:\/\/villa-vena.pl\/?page_id=2185"},"modified":"2024-10-25T09:12:06","modified_gmt":"2024-10-25T07:12:06","slug":"masaze","status":"publish","type":"page","link":"https:\/\/villa-vena.pl\/en\/atrakcje\/masaze\/","title":{"rendered":"Masa\u017ce na zam\u00f3wienie"},"content":{"rendered":"<p>Ucieknij do naszego prywatnego spa w g\u00f3rach, gdzie spok\u00f3j i luksus \u0142\u0105cz\u0105 si\u0119 oferuj\u0105c niezr\u00f3wnane do\u015bwiadczenia relaksacyjne. Usytuowane w samym sercu Tatr, nasze g\u00f3rskie spa zapewnia spokojn\u0105 przysta\u0144 dla tych, kt\u00f3rzy pragn\u0105 zregenerowa\u0107 cia\u0142o, umys\u0142 i ducha.<\/p>\n\n\n\n<h5 class=\"wp-block-heading\">Spersonalizowane Do\u015bwiadczenie<\/h5>\n\n\n\n<p>Masa\u017ce dostosowujemy do indywidualnych potrzeb koncentruj\u0105c si\u0119 na Twoich unikalnych obszarach napi\u0119cia i stresu. Niezale\u017cnie od tego, czy potrzebujesz masa\u017cu tkanek g\u0142\u0119bokich, delikatnego relaksu, czy specjalistycznego podej\u015bcia terapeutycznego, nasi wykwalifikowani terapeuci stworz\u0105 idealny masa\u017c w\u0142a\u015bnie dla Ciebie.<\/p>\n\n\n\n<h5 class=\"wp-block-heading\">R\u00f3\u017cnorodno\u015b\u0107 Technik<\/h5>\n\n\n\n<p>Wybierz spo\u015br\u00f3d szerokiej gamy technik masa\u017cu, w tym tajskiego, tkanek g\u0142\u0119bokich, gor\u0105cymi kamieniami, aromaterapii i refleksologii. Ka\u017cda technika ma na celu zapewnienie maksymalnych korzy\u015bci oraz g\u0142\u0119bokiego relaksu.<\/p>\n\n\n\n<h5 class=\"wp-block-heading\">Najwy\u017cszej Jako\u015bci Naturalne Produkty<\/h5>\n\n\n\n<p>U\u017cywamy wy\u0142\u0105cznie najwy\u017cszej jako\u015bci naturalnych olej\u00f3w i lotion\u00f3w, wzbogaconych o olejki eteryczne, aby wzbogaci\u0107 Twoje zmys\u0142owe do\u015bwiadczenie i promowa\u0107 og\u00f3lne dobre samopoczucie.<\/p>\n\n\n\n<h5 class=\"wp-block-heading\">Konsultacja Wellness<\/h5>\n\n\n\n<p>Rozpocznij swoj\u0105 podr\u00f3\u017c od spersonalizowanej konsultacji wellness. Nasi terapeuci om\u00f3wi\u0105 Twoje specyficzne potrzeby i preferencje, zapewniaj\u0105c, \u017ce ka\u017cdy masa\u017c b\u0119dzie idealnie dopasowany do Twoich wymaga\u0144.<\/p>\n\n\n\n<h5 class=\"wp-block-heading\">Zarezerwuj Sw\u00f3j Spersonalizowany Masa\u017c ju\u017c Dzi\u015b<\/h5>\n\n\n\n<p>Zarezerwuj swoj\u0105 sesj\u0119 masa\u017cu  i odkryj doskona\u0142e po\u0142\u0105czenie luksusu, natury i spersonalizowanego rytua\u0142u w naszym g\u00f3rskim azylu. Czekamy na Ciebie aby z wielk\u0105 dba\u0142o\u015bci\u0105 pom\u00f3c Ci osi\u0105gn\u0105\u0107 stan ca\u0142kowitego relaksu i&nbsp; holistycznej b\u0142ogo\u015bci.<\/p>","protected":false},"excerpt":{"rendered":"<p>Ekskluzywny G\u00f3rski Azyl<\/p>","protected":false},"author":1,"featured_media":3224,"parent":1951,"menu_order":0,"comment_status":"closed","ping_status":"closed","template":"","meta":{"footnotes":""},"class_list":["post-2185","page","type-page","status-publish","has-post-thumbnail","hentry"],"yoast_head":"<!-- This site is optimized with the Yoast SEO plugin v27.5 - https:\/\/yoast.com\/product\/yoast-seo-wordpress\/ -->\n<title>Masa\u017ce na zam\u00f3wienie - Villa Vena<\/title>\n<meta name=\"robots\" content=\"index, follow, max-snippet:-1, max-image-preview:large, max-video-preview:-1\" \/>\n<link rel=\"canonical\" href=\"https:\/\/villa-vena.pl\/en\/atrakcje\/masaze\/\" \/>\n<meta property=\"og:locale\" content=\"en_GB\" \/>\n<meta property=\"og:type\" content=\"article\" \/>\n<meta property=\"og:title\" content=\"Masa\u017ce na zam\u00f3wienie - Villa Vena\" \/>\n<meta property=\"og:description\" content=\"Ekskluzywny G\u00f3rski Azyl\" \/>\n<meta property=\"og:url\" content=\"https:\/\/villa-vena.pl\/en\/atrakcje\/masaze\/\" \/>\n<meta property=\"og:site_name\" content=\"Villa Vena\" \/>\n<meta property=\"article:modified_time\" content=\"2024-10-25T07:12:06+00:00\" \/>\n<meta property=\"og:image\" content=\"https:\/\/villa-vena.pl\/wp-content\/uploads\/villa-vena-zakopane-luksusowy-dom-1200-41-of-74.jpg\" \/>\n\t<meta property=\"og:image:width\" content=\"1200\" \/>\n\t<meta property=\"og:image:height\" content=\"800\" \/>\n\t<meta property=\"og:image:type\" content=\"image\/jpeg\" \/>\n<meta name=\"twitter:card\" content=\"summary_large_image\" \/>\n<meta name=\"twitter:label1\" content=\"Estimated reading time\" \/>\n\t<meta name=\"twitter:data1\" content=\"2 minutes\" \/>\n<script type=\"application\/ld+json\" class=\"yoast-schema-graph\">{\"@context\":\"https:\\\/\\\/schema.org\",\"@graph\":[{\"@type\":\"WebPage\",\"@id\":\"https:\\\/\\\/villa-vena.pl\\\/atrakcje\\\/masaze\\\/\",\"url\":\"https:\\\/\\\/villa-vena.pl\\\/atrakcje\\\/masaze\\\/\",\"name\":\"Masa\u017ce na zam\u00f3wienie - Villa Vena\",\"isPartOf\":{\"@id\":\"https:\\\/\\\/villa-vena.pl\\\/#website\"},\"primaryImageOfPage\":{\"@id\":\"https:\\\/\\\/villa-vena.pl\\\/atrakcje\\\/masaze\\\/#primaryimage\"},\"image\":{\"@id\":\"https:\\\/\\\/villa-vena.pl\\\/atrakcje\\\/masaze\\\/#primaryimage\"},\"thumbnailUrl\":\"https:\\\/\\\/villa-vena.pl\\\/wp-content\\\/uploads\\\/villa-vena-zakopane-luksusowy-dom-1200-41-of-74.jpg\",\"datePublished\":\"2024-08-06T10:19:22+00:00\",\"dateModified\":\"2024-10-25T07:12:06+00:00\",\"breadcrumb\":{\"@id\":\"https:\\\/\\\/villa-vena.pl\\\/atrakcje\\\/masaze\\\/#breadcrumb\"},\"inLanguage\":\"en-GB\",\"potentialAction\":[{\"@type\":\"ReadAction\",\"target\":[\"https:\\\/\\\/villa-vena.pl\\\/atrakcje\\\/masaze\\\/\"]}]},{\"@type\":\"ImageObject\",\"inLanguage\":\"en-GB\",\"@id\":\"https:\\\/\\\/villa-vena.pl\\\/atrakcje\\\/masaze\\\/#primaryimage\",\"url\":\"https:\\\/\\\/villa-vena.pl\\\/wp-content\\\/uploads\\\/villa-vena-zakopane-luksusowy-dom-1200-41-of-74.jpg\",\"contentUrl\":\"https:\\\/\\\/villa-vena.pl\\\/wp-content\\\/uploads\\\/villa-vena-zakopane-luksusowy-dom-1200-41-of-74.jpg\",\"width\":1200,\"height\":800},{\"@type\":\"BreadcrumbList\",\"@id\":\"https:\\\/\\\/villa-vena.pl\\\/atrakcje\\\/masaze\\\/#breadcrumb\",\"itemListElement\":[{\"@type\":\"ListItem\",\"position\":1,\"name\":\"Home\",\"item\":\"https:\\\/\\\/villa-vena.pl\\\/\"},{\"@type\":\"ListItem\",\"position\":2,\"name\":\"Atrakcje\",\"item\":\"https:\\\/\\\/villa-vena.pl\\\/atrakcje\\\/\"},{\"@type\":\"ListItem\",\"position\":3,\"name\":\"Masa\u017ce na zam\u00f3wienie\"}]},{\"@type\":\"WebSite\",\"@id\":\"https:\\\/\\\/villa-vena.pl\\\/#website\",\"url\":\"https:\\\/\\\/villa-vena.pl\\\/\",\"name\":\"Villa Vena\",\"description\":\"Twoje miejsce w Zakopanem\",\"potentialAction\":[{\"@type\":\"SearchAction\",\"target\":{\"@type\":\"EntryPoint\",\"urlTemplate\":\"https:\\\/\\\/villa-vena.pl\\\/?s={search_term_string}\"},\"query-input\":{\"@type\":\"PropertyValueSpecification\",\"valueRequired\":true,\"valueName\":\"search_term_string\"}}],\"inLanguage\":\"en-GB\"}]}<\/script>\n<!-- \/ Yoast SEO plugin. -->","yoast_head_json":{"title":"Masa\u017ce na zam\u00f3wienie - Villa Vena","robots":{"index":"index","follow":"follow","max-snippet":"max-snippet:-1","max-image-preview":"max-image-preview:large","max-video-preview":"max-video-preview:-1"},"canonical":"https:\/\/villa-vena.pl\/en\/atrakcje\/masaze\/","og_locale":"en_GB","og_type":"article","og_title":"Masa\u017ce na zam\u00f3wienie - Villa Vena","og_description":"Ekskluzywny G\u00f3rski Azyl","og_url":"https:\/\/villa-vena.pl\/en\/atrakcje\/masaze\/","og_site_name":"Villa Vena","article_modified_time":"2024-10-25T07:12:06+00:00","og_image":[{"width":1200,"height":800,"url":"https:\/\/villa-vena.pl\/wp-content\/uploads\/villa-vena-zakopane-luksusowy-dom-1200-41-of-74.jpg","type":"image\/jpeg"}],"twitter_card":"summary_large_image","twitter_misc":{"Estimated reading time":"2 minutes"},"schema":{"@context":"https:\/\/schema.org","@graph":[{"@type":"WebPage","@id":"https:\/\/villa-vena.pl\/atrakcje\/masaze\/","url":"https:\/\/villa-vena.pl\/atrakcje\/masaze\/","name":"Masa\u017ce na zam\u00f3wienie - Villa Vena","isPartOf":{"@id":"https:\/\/villa-vena.pl\/#website"},"primaryImageOfPage":{"@id":"https:\/\/villa-vena.pl\/atrakcje\/masaze\/#primaryimage"},"image":{"@id":"https:\/\/villa-vena.pl\/atrakcje\/masaze\/#primaryimage"},"thumbnailUrl":"https:\/\/villa-vena.pl\/wp-content\/uploads\/villa-vena-zakopane-luksusowy-dom-1200-41-of-74.jpg","datePublished":"2024-08-06T10:19:22+00:00","dateModified":"2024-10-25T07:12:06+00:00","breadcrumb":{"@id":"https:\/\/villa-vena.pl\/atrakcje\/masaze\/#breadcrumb"},"inLanguage":"en-GB","potentialAction":[{"@type":"ReadAction","target":["https:\/\/villa-vena.pl\/atrakcje\/masaze\/"]}]},{"@type":"ImageObject","inLanguage":"en-GB","@id":"https:\/\/villa-vena.pl\/atrakcje\/masaze\/#primaryimage","url":"https:\/\/villa-vena.pl\/wp-content\/uploads\/villa-vena-zakopane-luksusowy-dom-1200-41-of-74.jpg","contentUrl":"https:\/\/villa-vena.pl\/wp-content\/uploads\/villa-vena-zakopane-luksusowy-dom-1200-41-of-74.jpg","width":1200,"height":800},{"@type":"BreadcrumbList","@id":"https:\/\/villa-vena.pl\/atrakcje\/masaze\/#breadcrumb","itemListElement":[{"@type":"ListItem","position":1,"name":"Home","item":"https:\/\/villa-vena.pl\/"},{"@type":"ListItem","position":2,"name":"Atrakcje","item":"https:\/\/villa-vena.pl\/atrakcje\/"},{"@type":"ListItem","position":3,"name":"Masa\u017ce na zam\u00f3wienie"}]},{"@type":"WebSite","@id":"https:\/\/villa-vena.pl\/#website","url":"https:\/\/villa-vena.pl\/","name":"Villa Vena","description":"Twoje miejsce w Zakopanem","potentialAction":[{"@type":"SearchAction","target":{"@type":"EntryPoint","urlTemplate":"https:\/\/villa-vena.pl\/?s={search_term_string}"},"query-input":{"@type":"PropertyValueSpecification","valueRequired":true,"valueName":"search_term_string"}}],"inLanguage":"en-GB"}]}},"_links":{"self":[{"href":"https:\/\/villa-vena.pl\/en\/wp-json\/wp\/v2\/pages\/2185","targetHints":{"allow":["GET"]}}],"collection":[{"href":"https:\/\/villa-vena.pl\/en\/wp-json\/wp\/v2\/pages"}],"about":[{"href":"https:\/\/villa-vena.pl\/en\/wp-json\/wp\/v2\/types\/page"}],"author":[{"embeddable":true,"href":"https:\/\/villa-vena.pl\/en\/wp-json\/wp\/v2\/users\/1"}],"replies":[{"embeddable":true,"href":"https:\/\/villa-vena.pl\/en\/wp-json\/wp\/v2\/comments?post=2185"}],"version-history":[{"count":9,"href":"https:\/\/villa-vena.pl\/en\/wp-json\/wp\/v2\/pages\/2185\/revisions"}],"predecessor-version":[{"id":3493,"href":"https:\/\/villa-vena.pl\/en\/wp-json\/wp\/v2\/pages\/2185\/revisions\/3493"}],"up":[{"embeddable":true,"href":"https:\/\/villa-vena.pl\/en\/wp-json\/wp\/v2\/pages\/1951"}],"wp:featuredmedia":[{"embeddable":true,"href":"https:\/\/villa-vena.pl\/en\/wp-json\/wp\/v2\/media\/3224"}],"wp:attachment":[{"href":"https:\/\/villa-vena.pl\/en\/wp-json\/wp\/v2\/media?parent=2185"}],"curies":[{"name":"wp","href":"https:\/\/api.w.org\/{rel}","templated":true}]}}