{"id":2223,"date":"2024-10-25T09:12:06","date_gmt":"2024-10-25T07:12:06","guid":{"rendered":"https:\/\/villa-vena.pl\/?page_id=2223"},"modified":"2024-11-11T21:20:10","modified_gmt":"2024-11-11T20:20:10","slug":"sarnia-skalka-wschod-slonca","status":"publish","type":"page","link":"https:\/\/villa-vena.pl\/en\/atrakcje\/sarnia-skalka-wschod-slonca\/","title":{"rendered":"Sarnia ska\u0142ka"},"content":{"rendered":"<p>Wsch\u00f3d s\u0142o\u0144ca na Sarniej Skale w Tatrach to eteryczne prze\u017cycie, kt\u00f3re nie spos\u00f3b opisa\u0107 s\u0142owami. Gdy pierwsze promienie \u015bwitu \u0142agodnie rozci\u0105gaj\u0105 si\u0119 nad poszarpanymi szczytami, symfonia kolor\u00f3w roz\u015bwietla niebo, maluj\u0105c je odcieniami cynobru, z\u0142ota i lawendy. Postrz\u0119pione sylwetki g\u00f3r dumnie wyr\u00f3\u017cniaj\u0105 si\u0119 na tle tego niebia\u0144skiego p\u0142\u00f3tna, rzucaj\u0105c tajemnicze cienie na krajobraz.<\/p>\n\n\n\n<h5 class=\"wp-block-heading\">Niezapomniany spektakl<\/h5>\n\n\n\n<p>Ten zapieraj\u0105cy dech w piersiach spektakl wywo\u0142uje g\u0142\u0119bokie poczucie spokoju i szacunku, jakby natura ods\u0142ania\u0142a swoj\u0105 ponadczasow\u0105 m\u0105dro\u015b\u0107. Delikatny szelest li\u015bci i melodyjne \u015bpiewy budz\u0105cych si\u0119 ptak\u00f3w harmonizuj\u0105 si\u0119 z szepcz\u0105cym wiatrem, tworz\u0105c symfoni\u0119 natury, towarzysz\u0105c\u0105 wizualnej uczcie rozgrywaj\u0105cej si\u0119 przed Twoimi oczami.<\/p>\n\n\n\n<p>W tej wspania\u0142o\u015bci ukryta jest bogata tkanina utkana z historii i kultury, kt\u00f3ra definiuje Tatry. To \u015bwi\u0119te miejsce ma g\u0142\u0119bokie znaczenie dla lokalnych mieszka\u0144c\u00f3w, symbolizuj\u0105c duchowe po\u0142\u0105czenie z ziemi\u0105 i jej wiecznym pi\u0119knem, po\u0142\u0105czenie ponadczasowe.<\/p>\n\n\n\n<h5 class=\"wp-block-heading\">Natura w ca\u0142ej swej wspania\u0142o\u015bci<\/h5>\n\n\n\n<p>Wsch\u00f3d s\u0142o\u0144ca na Sarniej Skale to zaproszenie do\u00a0 do\u015bwiadczania wielko\u015bci natury i obserwacji jej w chwili transformacji. To g\u0142\u0119boko emocjonalne i przejmuj\u0105ce\u00a0 do\u015bwiadczenie, pozostaj\u0105ce\u00a0 w sercach i umys\u0142ach wszystkich, kt\u00f3rzy maj\u0105 szcz\u0119\u015bcie go do\u015bwiadcza\u0107.\u00a0<\/p>\n\n\n\n<h5 class=\"wp-block-heading\">Dla ducha i dla cia\u0142a<\/h5>\n\n\n\n<p>Na zako\u0144czenie tego magicznego poranka planowane jest wsp\u00f3lne \u015bniadanie na \u0142onie natury, sk\u0142adaj\u0105ce si\u0119 z lokalnych przysmak\u00f3w. Ciep\u0142e napoje, \u015bwie\u017cy chleb, ser i mi\u00f3d prosto z pasieki umil\u0105 czas i dodadz\u0105 energii na reszt\u0119 dnia.<\/p>\n\n\n\n<p>Do\u0142\u0105cz do nas w tej wyj\u0105tkowej podr\u00f3\u017cy i poczuj, jak pierwsze \u015bwiat\u0142o dnia o\u017cywia ka\u017cdy zak\u0105tek naszego pi\u0119knego \u015bwiata.&nbsp;<\/p>\n\n\n\n<p>Wsch\u00f3d s\u0142o\u0144ca na Sarniej Skale to do\u015bwiadczenie, kt\u00f3re na pewno pozostawi niezatarte wra\u017cenia w sercach wszystkich uczestnik\u00f3w.<\/p>","protected":false},"excerpt":{"rendered":"<p>Zapieraj\u0105cy dech w piersi wsch\u00f3d s\u0142o\u0144ca<\/p>","protected":false},"author":1,"featured_media":3259,"parent":1951,"menu_order":0,"comment_status":"closed","ping_status":"closed","template":"","meta":{"footnotes":""},"class_list":["post-2223","page","type-page","status-publish","has-post-thumbnail","hentry"],"yoast_head":"<!-- This site is optimized with the Yoast SEO plugin v27.5 - https:\/\/yoast.com\/product\/yoast-seo-wordpress\/ -->\n<title>Sarnia ska\u0142ka - Villa Vena<\/title>\n<meta name=\"robots\" content=\"index, follow, max-snippet:-1, max-image-preview:large, max-video-preview:-1\" \/>\n<link rel=\"canonical\" href=\"https:\/\/villa-vena.pl\/en\/atrakcje\/sarnia-skalka-wschod-slonca\/\" \/>\n<meta property=\"og:locale\" content=\"en_GB\" \/>\n<meta property=\"og:type\" content=\"article\" \/>\n<meta property=\"og:title\" content=\"Sarnia ska\u0142ka - Villa Vena\" \/>\n<meta property=\"og:description\" content=\"Zapieraj\u0105cy dech w piersi wsch\u00f3d s\u0142o\u0144ca\" \/>\n<meta property=\"og:url\" content=\"https:\/\/villa-vena.pl\/en\/atrakcje\/sarnia-skalka-wschod-slonca\/\" \/>\n<meta property=\"og:site_name\" content=\"Villa Vena\" \/>\n<meta property=\"article:modified_time\" content=\"2024-11-11T20:20:10+00:00\" \/>\n<meta property=\"og:image\" content=\"https:\/\/villa-vena.pl\/wp-content\/uploads\/sarnia-skala.jpg\" \/>\n\t<meta property=\"og:image:width\" content=\"1500\" \/>\n\t<meta property=\"og:image:height\" content=\"2000\" \/>\n\t<meta property=\"og:image:type\" content=\"image\/jpeg\" \/>\n<meta name=\"twitter:card\" content=\"summary_large_image\" \/>\n<meta name=\"twitter:label1\" content=\"Estimated reading time\" \/>\n\t<meta name=\"twitter:data1\" content=\"2 minutes\" \/>\n<script type=\"application\/ld+json\" class=\"yoast-schema-graph\">{\"@context\":\"https:\\\/\\\/schema.org\",\"@graph\":[{\"@type\":\"WebPage\",\"@id\":\"https:\\\/\\\/villa-vena.pl\\\/atrakcje\\\/sarnia-skalka-wschod-slonca\\\/\",\"url\":\"https:\\\/\\\/villa-vena.pl\\\/atrakcje\\\/sarnia-skalka-wschod-slonca\\\/\",\"name\":\"Sarnia ska\u0142ka - Villa Vena\",\"isPartOf\":{\"@id\":\"https:\\\/\\\/villa-vena.pl\\\/#website\"},\"primaryImageOfPage\":{\"@id\":\"https:\\\/\\\/villa-vena.pl\\\/atrakcje\\\/sarnia-skalka-wschod-slonca\\\/#primaryimage\"},\"image\":{\"@id\":\"https:\\\/\\\/villa-vena.pl\\\/atrakcje\\\/sarnia-skalka-wschod-slonca\\\/#primaryimage\"},\"thumbnailUrl\":\"https:\\\/\\\/villa-vena.pl\\\/wp-content\\\/uploads\\\/sarnia-skala.jpg\",\"datePublished\":\"2024-10-25T07:12:06+00:00\",\"dateModified\":\"2024-11-11T20:20:10+00:00\",\"breadcrumb\":{\"@id\":\"https:\\\/\\\/villa-vena.pl\\\/atrakcje\\\/sarnia-skalka-wschod-slonca\\\/#breadcrumb\"},\"inLanguage\":\"en-GB\",\"potentialAction\":[{\"@type\":\"ReadAction\",\"target\":[\"https:\\\/\\\/villa-vena.pl\\\/atrakcje\\\/sarnia-skalka-wschod-slonca\\\/\"]}]},{\"@type\":\"ImageObject\",\"inLanguage\":\"en-GB\",\"@id\":\"https:\\\/\\\/villa-vena.pl\\\/atrakcje\\\/sarnia-skalka-wschod-slonca\\\/#primaryimage\",\"url\":\"https:\\\/\\\/villa-vena.pl\\\/wp-content\\\/uploads\\\/sarnia-skala.jpg\",\"contentUrl\":\"https:\\\/\\\/villa-vena.pl\\\/wp-content\\\/uploads\\\/sarnia-skala.jpg\",\"width\":1500,\"height\":2000},{\"@type\":\"BreadcrumbList\",\"@id\":\"https:\\\/\\\/villa-vena.pl\\\/atrakcje\\\/sarnia-skalka-wschod-slonca\\\/#breadcrumb\",\"itemListElement\":[{\"@type\":\"ListItem\",\"position\":1,\"name\":\"Home\",\"item\":\"https:\\\/\\\/villa-vena.pl\\\/\"},{\"@type\":\"ListItem\",\"position\":2,\"name\":\"Atrakcje\",\"item\":\"https:\\\/\\\/villa-vena.pl\\\/atrakcje\\\/\"},{\"@type\":\"ListItem\",\"position\":3,\"name\":\"Sarnia ska\u0142ka\"}]},{\"@type\":\"WebSite\",\"@id\":\"https:\\\/\\\/villa-vena.pl\\\/#website\",\"url\":\"https:\\\/\\\/villa-vena.pl\\\/\",\"name\":\"Villa Vena\",\"description\":\"Twoje miejsce w Zakopanem\",\"potentialAction\":[{\"@type\":\"SearchAction\",\"target\":{\"@type\":\"EntryPoint\",\"urlTemplate\":\"https:\\\/\\\/villa-vena.pl\\\/?s={search_term_string}\"},\"query-input\":{\"@type\":\"PropertyValueSpecification\",\"valueRequired\":true,\"valueName\":\"search_term_string\"}}],\"inLanguage\":\"en-GB\"}]}<\/script>\n<!-- \/ Yoast SEO plugin. -->","yoast_head_json":{"title":"Sarnia ska\u0142ka - Villa Vena","robots":{"index":"index","follow":"follow","max-snippet":"max-snippet:-1","max-image-preview":"max-image-preview:large","max-video-preview":"max-video-preview:-1"},"canonical":"https:\/\/villa-vena.pl\/en\/atrakcje\/sarnia-skalka-wschod-slonca\/","og_locale":"en_GB","og_type":"article","og_title":"Sarnia ska\u0142ka - Villa Vena","og_description":"Zapieraj\u0105cy dech w piersi wsch\u00f3d s\u0142o\u0144ca","og_url":"https:\/\/villa-vena.pl\/en\/atrakcje\/sarnia-skalka-wschod-slonca\/","og_site_name":"Villa Vena","article_modified_time":"2024-11-11T20:20:10+00:00","og_image":[{"width":1500,"height":2000,"url":"https:\/\/villa-vena.pl\/wp-content\/uploads\/sarnia-skala.jpg","type":"image\/jpeg"}],"twitter_card":"summary_large_image","twitter_misc":{"Estimated reading time":"2 minutes"},"schema":{"@context":"https:\/\/schema.org","@graph":[{"@type":"WebPage","@id":"https:\/\/villa-vena.pl\/atrakcje\/sarnia-skalka-wschod-slonca\/","url":"https:\/\/villa-vena.pl\/atrakcje\/sarnia-skalka-wschod-slonca\/","name":"Sarnia ska\u0142ka - Villa Vena","isPartOf":{"@id":"https:\/\/villa-vena.pl\/#website"},"primaryImageOfPage":{"@id":"https:\/\/villa-vena.pl\/atrakcje\/sarnia-skalka-wschod-slonca\/#primaryimage"},"image":{"@id":"https:\/\/villa-vena.pl\/atrakcje\/sarnia-skalka-wschod-slonca\/#primaryimage"},"thumbnailUrl":"https:\/\/villa-vena.pl\/wp-content\/uploads\/sarnia-skala.jpg","datePublished":"2024-10-25T07:12:06+00:00","dateModified":"2024-11-11T20:20:10+00:00","breadcrumb":{"@id":"https:\/\/villa-vena.pl\/atrakcje\/sarnia-skalka-wschod-slonca\/#breadcrumb"},"inLanguage":"en-GB","potentialAction":[{"@type":"ReadAction","target":["https:\/\/villa-vena.pl\/atrakcje\/sarnia-skalka-wschod-slonca\/"]}]},{"@type":"ImageObject","inLanguage":"en-GB","@id":"https:\/\/villa-vena.pl\/atrakcje\/sarnia-skalka-wschod-slonca\/#primaryimage","url":"https:\/\/villa-vena.pl\/wp-content\/uploads\/sarnia-skala.jpg","contentUrl":"https:\/\/villa-vena.pl\/wp-content\/uploads\/sarnia-skala.jpg","width":1500,"height":2000},{"@type":"BreadcrumbList","@id":"https:\/\/villa-vena.pl\/atrakcje\/sarnia-skalka-wschod-slonca\/#breadcrumb","itemListElement":[{"@type":"ListItem","position":1,"name":"Home","item":"https:\/\/villa-vena.pl\/"},{"@type":"ListItem","position":2,"name":"Atrakcje","item":"https:\/\/villa-vena.pl\/atrakcje\/"},{"@type":"ListItem","position":3,"name":"Sarnia ska\u0142ka"}]},{"@type":"WebSite","@id":"https:\/\/villa-vena.pl\/#website","url":"https:\/\/villa-vena.pl\/","name":"Villa Vena","description":"Twoje miejsce w Zakopanem","potentialAction":[{"@type":"SearchAction","target":{"@type":"EntryPoint","urlTemplate":"https:\/\/villa-vena.pl\/?s={search_term_string}"},"query-input":{"@type":"PropertyValueSpecification","valueRequired":true,"valueName":"search_term_string"}}],"inLanguage":"en-GB"}]}},"_links":{"self":[{"href":"https:\/\/villa-vena.pl\/en\/wp-json\/wp\/v2\/pages\/2223","targetHints":{"allow":["GET"]}}],"collection":[{"href":"https:\/\/villa-vena.pl\/en\/wp-json\/wp\/v2\/pages"}],"about":[{"href":"https:\/\/villa-vena.pl\/en\/wp-json\/wp\/v2\/types\/page"}],"author":[{"embeddable":true,"href":"https:\/\/villa-vena.pl\/en\/wp-json\/wp\/v2\/users\/1"}],"replies":[{"embeddable":true,"href":"https:\/\/villa-vena.pl\/en\/wp-json\/wp\/v2\/comments?post=2223"}],"version-history":[{"count":2,"href":"https:\/\/villa-vena.pl\/en\/wp-json\/wp\/v2\/pages\/2223\/revisions"}],"predecessor-version":[{"id":2589,"href":"https:\/\/villa-vena.pl\/en\/wp-json\/wp\/v2\/pages\/2223\/revisions\/2589"}],"up":[{"embeddable":true,"href":"https:\/\/villa-vena.pl\/en\/wp-json\/wp\/v2\/pages\/1951"}],"wp:featuredmedia":[{"embeddable":true,"href":"https:\/\/villa-vena.pl\/en\/wp-json\/wp\/v2\/media\/3259"}],"wp:attachment":[{"href":"https:\/\/villa-vena.pl\/en\/wp-json\/wp\/v2\/media?parent=2223"}],"curies":[{"name":"wp","href":"https:\/\/api.w.org\/{rel}","templated":true}]}}