{"id":2285,"date":"2024-08-06T14:34:28","date_gmt":"2024-08-06T12:34:28","guid":{"rendered":"https:\/\/villa-vena.pl\/?page_id=2285"},"modified":"2024-10-25T09:31:52","modified_gmt":"2024-10-25T07:31:52","slug":"apartamenty","status":"publish","type":"page","link":"https:\/\/villa-vena.pl\/en\/zakwaterowanie\/apartamenty\/","title":{"rendered":"Apartamenty"},"content":{"rendered":"<div data-elementor-type=\"wp-page\" data-elementor-id=\"2285\" class=\"elementor elementor-2285\" data-elementor-post-type=\"page\">\n\t\t\t\t<div class=\"elementor-element elementor-element-eef22d8 e-flex e-con-boxed e-con e-parent\" data-id=\"eef22d8\" data-element_type=\"container\" data-settings=\"{&quot;background_background&quot;:&quot;classic&quot;}\">\n\t\t\t\t\t<div class=\"e-con-inner\">\n\t\t<div class=\"elementor-element elementor-element-413bd7c e-con-full e-flex e-con e-child\" data-id=\"413bd7c\" data-element_type=\"container\">\n\t\t\t\t<div class=\"elementor-element elementor-element-9ff5ae6 elementor-widget__width-initial elementor-widget elementor-widget-heading\" data-id=\"9ff5ae6\" data-element_type=\"widget\" data-widget_type=\"heading.default\">\n\t\t\t\t<div class=\"elementor-widget-container\">\n\t\t\t\t\t<h4 class=\"elementor-heading-title elementor-size-default\">Apartamenty<\/h4>\t\t\t\t<\/div>\n\t\t\t\t<\/div>\n\t\t\t\t<div class=\"elementor-element elementor-element-db2bc00 elementor-widget__width-initial elementor-invisible elementor-widget elementor-widget-heading\" data-id=\"db2bc00\" data-element_type=\"widget\" data-settings=\"{&quot;_animation&quot;:&quot;fadeInLeft&quot;,&quot;_animation_delay&quot;:400}\" data-widget_type=\"heading.default\">\n\t\t\t\t<div class=\"elementor-widget-container\">\n\t\t\t\t\t<h3 class=\"elementor-heading-title elementor-size-default\">Apartamenty<\/h3>\t\t\t\t<\/div>\n\t\t\t\t<\/div>\n\t\t\t\t<\/div>\n\t\t\t\t\t<\/div>\n\t\t\t\t<\/div>\n\t\t<div class=\"elementor-element elementor-element-0e888dc e-flex e-con-boxed e-con e-parent\" data-id=\"0e888dc\" data-element_type=\"container\">\n\t\t\t\t\t<div class=\"e-con-inner\">\n\t\t<div class=\"elementor-element elementor-element-3f1ba8a e-con-full e-flex e-con e-child\" data-id=\"3f1ba8a\" data-element_type=\"container\" data-settings=\"{&quot;background_background&quot;:&quot;classic&quot;}\">\n\t\t\t\t<div class=\"elementor-element elementor-element-c4c537e elementor-widget elementor-widget-spacer\" data-id=\"c4c537e\" data-element_type=\"widget\" data-widget_type=\"spacer.default\">\n\t\t\t\t<div class=\"elementor-widget-container\">\n\t\t\t\t\t\t\t<div class=\"elementor-spacer\">\n\t\t\t<div class=\"elementor-spacer-inner\"><\/div>\n\t\t<\/div>\n\t\t\t\t\t\t<\/div>\n\t\t\t\t<\/div>\n\t\t\t\t<\/div>\n\t\t<div class=\"elementor-element elementor-element-7d000d0 e-con-full e-flex e-con e-child\" data-id=\"7d000d0\" data-element_type=\"container\">\n\t\t\t\t<div class=\"elementor-element elementor-element-9ee678f elementor-invisible elementor-widget elementor-widget-heading\" data-id=\"9ee678f\" data-element_type=\"widget\" data-settings=\"{&quot;_animation&quot;:&quot;fadeInRight&quot;,&quot;_animation_delay&quot;:300}\" data-widget_type=\"heading.default\">\n\t\t\t\t<div class=\"elementor-widget-container\">\n\t\t\t\t\t<h3 class=\"elementor-heading-title elementor-size-default\">Apartament nr 1<\/h3>\t\t\t\t<\/div>\n\t\t\t\t<\/div>\n\t\t\t\t<div class=\"elementor-element elementor-element-875e7c5 elementor-widget__width-initial elementor-invisible elementor-widget elementor-widget-text-editor\" data-id=\"875e7c5\" data-element_type=\"widget\" data-settings=\"{&quot;_animation&quot;:&quot;fadeIn&quot;,&quot;_animation_delay&quot;:500}\" data-widget_type=\"text-editor.default\">\n\t\t\t\t<div class=\"elementor-widget-container\">\n\t\t\t\t\t\t\t\t\t<p>max 2 os.<\/p><p>Metra\u017c: 36m2<\/p><p>Sypialnia z \u0142\u00f3\u017ckiem kontynentalnym dwuosobowym o wym. 160&#215;200, szaf\u0105\u00a0<\/p><p>Przedsionek z du\u017c\u0105 garderob\u0105\u00a0<\/p><p>\u0141azienka z du\u017cym prysznicem, toalet\u0105 oraz bidetem<\/p><p>Salonik, kanapa, biurko, fotel &#8211; idealne miejsce na popo\u0142udniow\u0105 drzemk\u0119\u00a0 \ud83d\ude42<\/p><ul><li><p>Indywidualnie sterowana klimatyzacja<\/p><\/li><li><p>sejf osobisty\u00a0<\/p><\/li><li><p><span style=\"background-color: transparent; color: var( --e-global-color-accent ); letter-spacing: 0.7px;\">suszarka do w\u0142os\u00f3w\u00a0<\/span><\/p><\/li><li><p><span style=\"background-color: transparent; color: var( --e-global-color-accent ); letter-spacing: 0.7px;\">Internet bezprzewodowy<\/span><\/p><\/li><\/ul>\t\t\t\t\t\t\t\t<\/div>\n\t\t\t\t<\/div>\n\t\t\t\t<\/div>\n\t\t\t\t\t<\/div>\n\t\t\t\t<\/div>\n\t\t<div class=\"elementor-element elementor-element-6c0e53f e-flex e-con-boxed e-con e-parent\" data-id=\"6c0e53f\" data-element_type=\"container\">\n\t\t\t\t\t<div class=\"e-con-inner\">\n\t\t<div class=\"elementor-element elementor-element-48b3225 e-con-full e-flex e-con e-child\" data-id=\"48b3225\" data-element_type=\"container\">\n\t\t\t\t<div class=\"elementor-element elementor-element-d458172 elementor-invisible elementor-widget elementor-widget-heading\" data-id=\"d458172\" data-element_type=\"widget\" data-settings=\"{&quot;_animation&quot;:&quot;fadeInRight&quot;,&quot;_animation_delay&quot;:300}\" data-widget_type=\"heading.default\">\n\t\t\t\t<div class=\"elementor-widget-container\">\n\t\t\t\t\t<h3 class=\"elementor-heading-title elementor-size-default\">Apartament nr 2<\/h3>\t\t\t\t<\/div>\n\t\t\t\t<\/div>\n\t\t\t\t<div class=\"elementor-element elementor-element-d76ac29 elementor-widget__width-initial elementor-invisible elementor-widget elementor-widget-text-editor\" data-id=\"d76ac29\" data-element_type=\"widget\" data-settings=\"{&quot;_animation&quot;:&quot;fadeIn&quot;,&quot;_animation_delay&quot;:500}\" data-widget_type=\"text-editor.default\">\n\t\t\t\t<div class=\"elementor-widget-container\">\n\t\t\t\t\t\t\t\t\t<p>max 2 os.<\/p><p>Metra\u017c: 35m2<\/p><p>Taras: 34m2<\/p><p>Sypialnia z \u0142\u00f3\u017ckiem kontynentalnym dwuosobowym o wym. 160&#215;200, szaf\u0105<\/p><p>Przedsionek z garderob\u0105<\/p><p>\u0141azienka z du\u017cym prysznicem, toalet\u0105 i bidetk\u0105.<\/p><p>Salonik z kanap\u0105, biurko, fotel &#8211; bezpo\u015brednie wyj\u015bcie na du\u017cy taras &#8211;\u00a0idealnie nadaje si\u0119 dla os\u00f3b chc\u0105cych popracowa\u0107 \u2026<\/p><ul><li><p>Indywidualnie sterowana klimatyzacja<\/p><\/li><li><p>sejf osobisty\u00a0<\/p><\/li><li><p>suszarka do w\u0142os\u00f3w<\/p><\/li><li><p>Internet bezprzewodowy<\/p><\/li><\/ul>\t\t\t\t\t\t\t\t<\/div>\n\t\t\t\t<\/div>\n\t\t\t\t<\/div>\n\t\t<div class=\"elementor-element elementor-element-6a42591 e-con-full e-flex e-con e-child\" data-id=\"6a42591\" data-element_type=\"container\" data-settings=\"{&quot;background_background&quot;:&quot;classic&quot;}\">\n\t\t\t\t<div class=\"elementor-element elementor-element-0f93001 elementor-widget elementor-widget-spacer\" data-id=\"0f93001\" data-element_type=\"widget\" data-widget_type=\"spacer.default\">\n\t\t\t\t<div class=\"elementor-widget-container\">\n\t\t\t\t\t\t\t<div class=\"elementor-spacer\">\n\t\t\t<div class=\"elementor-spacer-inner\"><\/div>\n\t\t<\/div>\n\t\t\t\t\t\t<\/div>\n\t\t\t\t<\/div>\n\t\t\t\t<\/div>\n\t\t\t\t\t<\/div>\n\t\t\t\t<\/div>\n\t\t<div class=\"elementor-element elementor-element-026c237 e-flex e-con-boxed e-con e-parent\" data-id=\"026c237\" data-element_type=\"container\">\n\t\t\t\t\t<div class=\"e-con-inner\">\n\t\t<div class=\"elementor-element elementor-element-4d29b1f e-con-full e-flex e-con e-child\" data-id=\"4d29b1f\" data-element_type=\"container\" data-settings=\"{&quot;background_background&quot;:&quot;slideshow&quot;,&quot;background_slideshow_gallery&quot;:[],&quot;background_slideshow_loop&quot;:&quot;yes&quot;,&quot;background_slideshow_slide_duration&quot;:5000,&quot;background_slideshow_slide_transition&quot;:&quot;fade&quot;,&quot;background_slideshow_transition_duration&quot;:500}\">\n\t\t\t\t<div class=\"elementor-element elementor-element-f5c7267 elementor-pagination-position-outside elementor--h-position-center elementor--v-position-middle elementor-widget elementor-widget-slides\" data-id=\"f5c7267\" data-element_type=\"widget\" data-settings=\"{&quot;navigation&quot;:&quot;dots&quot;,&quot;autoplay_speed&quot;:3000,&quot;autoplay&quot;:&quot;yes&quot;,&quot;pause_on_hover&quot;:&quot;yes&quot;,&quot;pause_on_interaction&quot;:&quot;yes&quot;,&quot;infinite&quot;:&quot;yes&quot;,&quot;transition&quot;:&quot;slide&quot;,&quot;transition_speed&quot;:500}\" data-widget_type=\"slides.default\">\n\t\t\t\t<div class=\"elementor-widget-container\">\n\t\t\t\t\t\t\t\t\t<div class=\"elementor-swiper\">\n\t\t\t\t\t<div class=\"elementor-slides-wrapper elementor-main-swiper swiper\" role=\"region\" aria-roledescription=\"carousel\" aria-label=\"Slides\" dir=\"ltr\" data-animation=\"fadeInUp\">\n\t\t\t\t<div class=\"swiper-wrapper elementor-slides\">\n\t\t\t\t\t\t\t\t\t\t<div class=\"elementor-repeater-item-cbb13f8 swiper-slide\" role=\"group\" aria-roledescription=\"slide\"><div class=\"swiper-slide-bg\" role=\"img\"><\/div><div class=\"swiper-slide-inner\" ><div class=\"swiper-slide-contents\"><\/div><\/div><\/div><div class=\"elementor-repeater-item-ad3755e swiper-slide\" role=\"group\" aria-roledescription=\"slide\"><div class=\"swiper-slide-bg\" role=\"img\"><\/div><div class=\"swiper-slide-inner\" ><div class=\"swiper-slide-contents\"><\/div><\/div><\/div><div class=\"elementor-repeater-item-76d452f swiper-slide\" role=\"group\" aria-roledescription=\"slide\"><div class=\"swiper-slide-bg\" role=\"img\"><\/div><div class=\"swiper-slide-inner\" ><div class=\"swiper-slide-contents\"><\/div><\/div><\/div><div class=\"elementor-repeater-item-a476678 swiper-slide\" role=\"group\" aria-roledescription=\"slide\"><div class=\"swiper-slide-bg\" role=\"img\"><\/div><div class=\"swiper-slide-inner\" ><div class=\"swiper-slide-contents\"><\/div><\/div><\/div>\t\t\t\t<\/div>\n\t\t\t\t\t\t\t\t\t\t\t\t\t\t\t\t\t\t\t\t<div class=\"swiper-pagination\"><\/div>\n\t\t\t\t\t\t\t\t\t\t\t\t<\/div>\n\t\t\t\t<\/div>\n\t\t\t\t\t\t\t\t<\/div>\n\t\t\t\t<\/div>\n\t\t\t\t<\/div>\n\t\t<div class=\"elementor-element elementor-element-dc1c668 e-con-full e-flex e-con e-child\" data-id=\"dc1c668\" data-element_type=\"container\">\n\t\t\t\t<div class=\"elementor-element elementor-element-e991e5c elementor-invisible elementor-widget elementor-widget-heading\" data-id=\"e991e5c\" data-element_type=\"widget\" data-settings=\"{&quot;_animation&quot;:&quot;fadeInRight&quot;,&quot;_animation_delay&quot;:300}\" data-widget_type=\"heading.default\">\n\t\t\t\t<div class=\"elementor-widget-container\">\n\t\t\t\t\t<h3 class=\"elementor-heading-title elementor-size-default\">Apartament nr 3<\/h3>\t\t\t\t<\/div>\n\t\t\t\t<\/div>\n\t\t\t\t<div class=\"elementor-element elementor-element-59e454d elementor-widget__width-initial elementor-invisible elementor-widget elementor-widget-text-editor\" data-id=\"59e454d\" data-element_type=\"widget\" data-settings=\"{&quot;_animation&quot;:&quot;fadeIn&quot;,&quot;_animation_delay&quot;:500}\" data-widget_type=\"text-editor.default\">\n\t\t\t\t<div class=\"elementor-widget-container\">\n\t\t\t\t\t\t\t\t\t<p>(na pierwszym pi\u0119trze domu wraz z antresol\u0105)<\/p>\t\t\t\t\t\t\t\t<\/div>\n\t\t\t\t<\/div>\n\t\t\t\t<div class=\"elementor-element elementor-element-1b1ab55 elementor-widget__width-initial elementor-invisible elementor-widget elementor-widget-text-editor\" data-id=\"1b1ab55\" data-element_type=\"widget\" data-settings=\"{&quot;_animation&quot;:&quot;fadeIn&quot;,&quot;_animation_delay&quot;:500}\" data-widget_type=\"text-editor.default\">\n\t\t\t\t<div class=\"elementor-widget-container\">\n\t\t\t\t\t\t\t\t\t<p>max 6 os.<\/p><p>Ca\u0142kowity metra\u017c : 93m2<\/p><p>Metra\u017c sypialni wraz z czytelni\u0105, \u0142azienk\u0105 oraz garderob\u0105 : 62m2<\/p><p>Metra\u017c sypialni na antresoli wraz z \u0142azienk\u0105 : 31m2<\/p><p>Obszerny apartament, w kt\u00f3rego sk\u0142ad wchodz\u0105 &#8211; dwie sypialnie w tym jedna z du\u017cym kontynentalnym dwuosobowym \u0142\u00f3\u017ckiem z dost\u0119pem bezpo\u015brednim na prywatny balkon.<\/p><p>Czytelnia z balkonem, wielk\u0105 garderob\u0105 i \u0142azienk\u0105. W czytelni jest du\u017ca naro\u017cna kanapa z funkcj\u0105 spania o powierzchni 180&#215;200.<\/p><p>\u0141azienka dla tego apartamentu wyposa\u017cona jest w wann\u0119 , prysznic, bidet oraz toalet\u0119 z bezpo\u015brednim wyj\u015bciem na prywatny balkon przy tej \u0142azience.<\/p><p>W sk\u0142ad tego apartamentu wchodzi r\u00f3wnie\u017c sypialnia na antresoli, jest w niej du\u017ce kontynentalne, dwuosobowe \u0142\u00f3\u017cko 160&#215;200, biurko, wanna oraz \u0142azienka z toalet\u0105. W tej sypialni znajduje si\u0119 te\u017c pi\u0119kny, ozdobny balkonik z widokiem na sal\u0119 do jogi.<\/p><ul><li>indywidualnie sterowana klimatyzacja<\/li><li>sejf osobisty<\/li><li>suszarka do w\u0142os\u00f3w<\/li><li>Internet bezprzewodowy<\/li><\/ul>\t\t\t\t\t\t\t\t<\/div>\n\t\t\t\t<\/div>\n\t\t\t\t<\/div>\n\t\t\t\t\t<\/div>\n\t\t\t\t<\/div>\n\t\t<div class=\"elementor-element elementor-element-4428b52 e-flex e-con-boxed e-con e-parent\" data-id=\"4428b52\" data-element_type=\"container\">\n\t\t\t\t\t<div class=\"e-con-inner\">\n\t\t<div class=\"elementor-element elementor-element-22115de e-con-full e-flex e-con e-child\" data-id=\"22115de\" data-element_type=\"container\">\n\t\t\t\t<div class=\"elementor-element elementor-element-ffc1044 elementor-invisible elementor-widget elementor-widget-heading\" data-id=\"ffc1044\" data-element_type=\"widget\" data-settings=\"{&quot;_animation&quot;:&quot;fadeInRight&quot;,&quot;_animation_delay&quot;:300}\" data-widget_type=\"heading.default\">\n\t\t\t\t<div class=\"elementor-widget-container\">\n\t\t\t\t\t<h3 class=\"elementor-heading-title elementor-size-default\">Zobacz te\u017c:<\/h3>\t\t\t\t<\/div>\n\t\t\t\t<\/div>\n\t\t\t\t<div class=\"elementor-element elementor-element-a27b98d elementor-widget__width-initial elementor-icon-list--layout-traditional elementor-list-item-link-full_width elementor-widget elementor-widget-icon-list\" data-id=\"a27b98d\" data-element_type=\"widget\" data-widget_type=\"icon-list.default\">\n\t\t\t\t<div class=\"elementor-widget-container\">\n\t\t\t\t\t\t\t<ul class=\"elementor-icon-list-items\">\n\t\t\t\t\t\t\t<li class=\"elementor-icon-list-item\">\n\t\t\t\t\t\t\t\t\t\t\t<a href=\"https:\/\/villa-vena.pl\/en\/zakwaterowanie\/dom\/\">\n\n\t\t\t\t\t\t\t\t\t\t\t\t<span class=\"elementor-icon-list-icon\">\n\t\t\t\t\t\t\t<svg xmlns=\"http:\/\/www.w3.org\/2000\/svg\" viewbox=\"0 0 9 16\"><defs><style>      .cls-1 {          }    <\/style><\/defs><g><g id=\"Warstwa_1\"><path class=\"cls-1\" d=\"M1,16c-.3,0-.5,0-.7-.3-.4-.4-.4-1,0-1.4l6.3-6.3L.3,1.7C0,1.3,0,.7.3.3S1.3,0,1.7.3l7,7c.2.2.3.4.3.7s-.1.5-.3.7L1.7,15.7c-.2.2-.5.3-.7.3Z\"><\/path><\/g><\/g><\/svg>\t\t\t\t\t\t<\/span>\n\t\t\t\t\t\t\t\t\t\t<span class=\"elementor-icon-list-text\">Dom - Cz\u0119\u015b\u0107 wsp\u00f3lna<\/span>\n\t\t\t\t\t\t\t\t\t\t\t<\/a>\n\t\t\t\t\t\t\t\t\t<\/li>\n\t\t\t\t\t\t\t\t<li class=\"elementor-icon-list-item\">\n\t\t\t\t\t\t\t\t\t\t\t<a href=\"https:\/\/villa-vena.pl\/en\/zakwaterowanie\/joga-spa-wellness\/\">\n\n\t\t\t\t\t\t\t\t\t\t\t\t<span class=\"elementor-icon-list-icon\">\n\t\t\t\t\t\t\t<svg xmlns=\"http:\/\/www.w3.org\/2000\/svg\" viewbox=\"0 0 9 16\"><defs><style>      .cls-1 {          }    <\/style><\/defs><g><g id=\"Warstwa_1\"><path class=\"cls-1\" d=\"M1,16c-.3,0-.5,0-.7-.3-.4-.4-.4-1,0-1.4l6.3-6.3L.3,1.7C0,1.3,0,.7.3.3S1.3,0,1.7.3l7,7c.2.2.3.4.3.7s-.1.5-.3.7L1.7,15.7c-.2.2-.5.3-.7.3Z\"><\/path><\/g><\/g><\/svg>\t\t\t\t\t\t<\/span>\n\t\t\t\t\t\t\t\t\t\t<span class=\"elementor-icon-list-text\">Joga, SPA & Wellnes<\/span>\n\t\t\t\t\t\t\t\t\t\t\t<\/a>\n\t\t\t\t\t\t\t\t\t<\/li>\n\t\t\t\t\t\t\t\t<li class=\"elementor-icon-list-item\">\n\t\t\t\t\t\t\t\t\t\t\t<a href=\"https:\/\/villa-vena.pl\/en\/okolica\/\">\n\n\t\t\t\t\t\t\t\t\t\t\t\t<span class=\"elementor-icon-list-icon\">\n\t\t\t\t\t\t\t<svg xmlns=\"http:\/\/www.w3.org\/2000\/svg\" viewbox=\"0 0 9 16\"><defs><style>      .cls-1 {          }    <\/style><\/defs><g><g id=\"Warstwa_1\"><path class=\"cls-1\" d=\"M1,16c-.3,0-.5,0-.7-.3-.4-.4-.4-1,0-1.4l6.3-6.3L.3,1.7C0,1.3,0,.7.3.3S1.3,0,1.7.3l7,7c.2.2.3.4.3.7s-.1.5-.3.7L1.7,15.7c-.2.2-.5.3-.7.3Z\"><\/path><\/g><\/g><\/svg>\t\t\t\t\t\t<\/span>\n\t\t\t\t\t\t\t\t\t\t<span class=\"elementor-icon-list-text\">Okolica<\/span>\n\t\t\t\t\t\t\t\t\t\t\t<\/a>\n\t\t\t\t\t\t\t\t\t<\/li>\n\t\t\t\t\t\t\t\t<li class=\"elementor-icon-list-item\">\n\t\t\t\t\t\t\t\t\t\t\t<a href=\"https:\/\/villa-vena.pl\/en\/atrakcje\/\">\n\n\t\t\t\t\t\t\t\t\t\t\t\t<span class=\"elementor-icon-list-icon\">\n\t\t\t\t\t\t\t<svg xmlns=\"http:\/\/www.w3.org\/2000\/svg\" viewbox=\"0 0 9 16\"><defs><style>      .cls-1 {          }    <\/style><\/defs><g><g id=\"Warstwa_1\"><path class=\"cls-1\" d=\"M1,16c-.3,0-.5,0-.7-.3-.4-.4-.4-1,0-1.4l6.3-6.3L.3,1.7C0,1.3,0,.7.3.3S1.3,0,1.7.3l7,7c.2.2.3.4.3.7s-.1.5-.3.7L1.7,15.7c-.2.2-.5.3-.7.3Z\"><\/path><\/g><\/g><\/svg>\t\t\t\t\t\t<\/span>\n\t\t\t\t\t\t\t\t\t\t<span class=\"elementor-icon-list-text\">Atrakcje<\/span>\n\t\t\t\t\t\t\t\t\t\t\t<\/a>\n\t\t\t\t\t\t\t\t\t<\/li>\n\t\t\t\t\t\t<\/ul>\n\t\t\t\t\t\t<\/div>\n\t\t\t\t<\/div>\n\t\t\t\t<\/div>\n\t\t\t\t\t<\/div>\n\t\t\t\t<\/div>\n\t\t\t\t<\/div>","protected":false},"excerpt":{"rendered":"<p>Apartamenty Apartament nr 1 max 2 os. Metra\u017c: 36m2 Sypialnia z \u0142\u00f3\u017ckiem kontynentalnym dwuosobowym o wym. 160&#215;200, szaf\u0105\u00a0 Przedsionek z du\u017c\u0105 garderob\u0105\u00a0 \u0141azienka z du\u017cym prysznicem, toalet\u0105 oraz bidetem Salonik, kanapa, biurko, fotel &#8211; idealne miejsce na popo\u0142udniow\u0105 drzemk\u0119\u00a0 \ud83d\ude42 Indywidualnie sterowana klimatyzacja sejf osobisty\u00a0 suszarka do w\u0142os\u00f3w\u00a0 Internet bezprzewodowy Apartament nr 2 max 2 [&hellip;]<\/p>\n","protected":false},"author":1,"featured_media":0,"parent":1943,"menu_order":0,"comment_status":"closed","ping_status":"closed","template":"","meta":{"footnotes":""},"class_list":["post-2285","page","type-page","status-publish","hentry"],"yoast_head":"<!-- This site is optimized with the Yoast SEO plugin v27.5 - https:\/\/yoast.com\/product\/yoast-seo-wordpress\/ -->\n<title>Apartamenty - Villa Vena<\/title>\n<meta name=\"robots\" content=\"index, follow, max-snippet:-1, max-image-preview:large, max-video-preview:-1\" \/>\n<link rel=\"canonical\" href=\"https:\/\/villa-vena.pl\/en\/zakwaterowanie\/apartamenty\/\" \/>\n<meta property=\"og:locale\" content=\"en_GB\" \/>\n<meta property=\"og:type\" content=\"article\" \/>\n<meta property=\"og:title\" content=\"Apartamenty - Villa Vena\" \/>\n<meta property=\"og:description\" content=\"Apartamenty Apartament nr 1 max 2 os. Metra\u017c: 36m2 Sypialnia z \u0142\u00f3\u017ckiem kontynentalnym dwuosobowym o wym. 160&#215;200, szaf\u0105\u00a0 Przedsionek z du\u017c\u0105 garderob\u0105\u00a0 \u0141azienka z du\u017cym prysznicem, toalet\u0105 oraz bidetem Salonik, kanapa, biurko, fotel &#8211; idealne miejsce na popo\u0142udniow\u0105 drzemk\u0119\u00a0 \ud83d\ude42 Indywidualnie sterowana klimatyzacja sejf osobisty\u00a0 suszarka do w\u0142os\u00f3w\u00a0 Internet bezprzewodowy Apartament nr 2 max 2 [&hellip;]\" \/>\n<meta property=\"og:url\" content=\"https:\/\/villa-vena.pl\/en\/zakwaterowanie\/apartamenty\/\" \/>\n<meta property=\"og:site_name\" content=\"Villa Vena\" \/>\n<meta property=\"article:modified_time\" content=\"2024-10-25T07:31:52+00:00\" \/>\n<meta name=\"twitter:card\" content=\"summary_large_image\" \/>\n<meta name=\"twitter:label1\" content=\"Estimated reading time\" \/>\n\t<meta name=\"twitter:data1\" content=\"2 minutes\" \/>\n<script type=\"application\/ld+json\" class=\"yoast-schema-graph\">{\"@context\":\"https:\\\/\\\/schema.org\",\"@graph\":[{\"@type\":\"WebPage\",\"@id\":\"https:\\\/\\\/villa-vena.pl\\\/zakwaterowanie\\\/apartamenty\\\/\",\"url\":\"https:\\\/\\\/villa-vena.pl\\\/zakwaterowanie\\\/apartamenty\\\/\",\"name\":\"Apartamenty - Villa Vena\",\"isPartOf\":{\"@id\":\"https:\\\/\\\/villa-vena.pl\\\/#website\"},\"datePublished\":\"2024-08-06T12:34:28+00:00\",\"dateModified\":\"2024-10-25T07:31:52+00:00\",\"breadcrumb\":{\"@id\":\"https:\\\/\\\/villa-vena.pl\\\/zakwaterowanie\\\/apartamenty\\\/#breadcrumb\"},\"inLanguage\":\"en-GB\",\"potentialAction\":[{\"@type\":\"ReadAction\",\"target\":[\"https:\\\/\\\/villa-vena.pl\\\/zakwaterowanie\\\/apartamenty\\\/\"]}]},{\"@type\":\"BreadcrumbList\",\"@id\":\"https:\\\/\\\/villa-vena.pl\\\/zakwaterowanie\\\/apartamenty\\\/#breadcrumb\",\"itemListElement\":[{\"@type\":\"ListItem\",\"position\":1,\"name\":\"Home\",\"item\":\"https:\\\/\\\/villa-vena.pl\\\/\"},{\"@type\":\"ListItem\",\"position\":2,\"name\":\"Zakwaterowanie\",\"item\":\"https:\\\/\\\/villa-vena.pl\\\/zakwaterowanie\\\/\"},{\"@type\":\"ListItem\",\"position\":3,\"name\":\"Apartamenty\"}]},{\"@type\":\"WebSite\",\"@id\":\"https:\\\/\\\/villa-vena.pl\\\/#website\",\"url\":\"https:\\\/\\\/villa-vena.pl\\\/\",\"name\":\"Villa Vena\",\"description\":\"Twoje miejsce w Zakopanem\",\"potentialAction\":[{\"@type\":\"SearchAction\",\"target\":{\"@type\":\"EntryPoint\",\"urlTemplate\":\"https:\\\/\\\/villa-vena.pl\\\/?s={search_term_string}\"},\"query-input\":{\"@type\":\"PropertyValueSpecification\",\"valueRequired\":true,\"valueName\":\"search_term_string\"}}],\"inLanguage\":\"en-GB\"}]}<\/script>\n<!-- \/ Yoast SEO plugin. -->","yoast_head_json":{"title":"Apartamenty - Villa Vena","robots":{"index":"index","follow":"follow","max-snippet":"max-snippet:-1","max-image-preview":"max-image-preview:large","max-video-preview":"max-video-preview:-1"},"canonical":"https:\/\/villa-vena.pl\/en\/zakwaterowanie\/apartamenty\/","og_locale":"en_GB","og_type":"article","og_title":"Apartamenty - Villa Vena","og_description":"Apartamenty Apartament nr 1 max 2 os. Metra\u017c: 36m2 Sypialnia z \u0142\u00f3\u017ckiem kontynentalnym dwuosobowym o wym. 160&#215;200, szaf\u0105\u00a0 Przedsionek z du\u017c\u0105 garderob\u0105\u00a0 \u0141azienka z du\u017cym prysznicem, toalet\u0105 oraz bidetem Salonik, kanapa, biurko, fotel &#8211; idealne miejsce na popo\u0142udniow\u0105 drzemk\u0119\u00a0 \ud83d\ude42 Indywidualnie sterowana klimatyzacja sejf osobisty\u00a0 suszarka do w\u0142os\u00f3w\u00a0 Internet bezprzewodowy Apartament nr 2 max 2 [&hellip;]","og_url":"https:\/\/villa-vena.pl\/en\/zakwaterowanie\/apartamenty\/","og_site_name":"Villa Vena","article_modified_time":"2024-10-25T07:31:52+00:00","twitter_card":"summary_large_image","twitter_misc":{"Estimated reading time":"2 minutes"},"schema":{"@context":"https:\/\/schema.org","@graph":[{"@type":"WebPage","@id":"https:\/\/villa-vena.pl\/zakwaterowanie\/apartamenty\/","url":"https:\/\/villa-vena.pl\/zakwaterowanie\/apartamenty\/","name":"Apartamenty - Villa Vena","isPartOf":{"@id":"https:\/\/villa-vena.pl\/#website"},"datePublished":"2024-08-06T12:34:28+00:00","dateModified":"2024-10-25T07:31:52+00:00","breadcrumb":{"@id":"https:\/\/villa-vena.pl\/zakwaterowanie\/apartamenty\/#breadcrumb"},"inLanguage":"en-GB","potentialAction":[{"@type":"ReadAction","target":["https:\/\/villa-vena.pl\/zakwaterowanie\/apartamenty\/"]}]},{"@type":"BreadcrumbList","@id":"https:\/\/villa-vena.pl\/zakwaterowanie\/apartamenty\/#breadcrumb","itemListElement":[{"@type":"ListItem","position":1,"name":"Home","item":"https:\/\/villa-vena.pl\/"},{"@type":"ListItem","position":2,"name":"Zakwaterowanie","item":"https:\/\/villa-vena.pl\/zakwaterowanie\/"},{"@type":"ListItem","position":3,"name":"Apartamenty"}]},{"@type":"WebSite","@id":"https:\/\/villa-vena.pl\/#website","url":"https:\/\/villa-vena.pl\/","name":"Villa Vena","description":"Twoje miejsce w Zakopanem","potentialAction":[{"@type":"SearchAction","target":{"@type":"EntryPoint","urlTemplate":"https:\/\/villa-vena.pl\/?s={search_term_string}"},"query-input":{"@type":"PropertyValueSpecification","valueRequired":true,"valueName":"search_term_string"}}],"inLanguage":"en-GB"}]}},"_links":{"self":[{"href":"https:\/\/villa-vena.pl\/en\/wp-json\/wp\/v2\/pages\/2285","targetHints":{"allow":["GET"]}}],"collection":[{"href":"https:\/\/villa-vena.pl\/en\/wp-json\/wp\/v2\/pages"}],"about":[{"href":"https:\/\/villa-vena.pl\/en\/wp-json\/wp\/v2\/types\/page"}],"author":[{"embeddable":true,"href":"https:\/\/villa-vena.pl\/en\/wp-json\/wp\/v2\/users\/1"}],"replies":[{"embeddable":true,"href":"https:\/\/villa-vena.pl\/en\/wp-json\/wp\/v2\/comments?post=2285"}],"version-history":[{"count":58,"href":"https:\/\/villa-vena.pl\/en\/wp-json\/wp\/v2\/pages\/2285\/revisions"}],"predecessor-version":[{"id":3515,"href":"https:\/\/villa-vena.pl\/en\/wp-json\/wp\/v2\/pages\/2285\/revisions\/3515"}],"up":[{"embeddable":true,"href":"https:\/\/villa-vena.pl\/en\/wp-json\/wp\/v2\/pages\/1943"}],"wp:attachment":[{"href":"https:\/\/villa-vena.pl\/en\/wp-json\/wp\/v2\/media?parent=2285"}],"curies":[{"name":"wp","href":"https:\/\/api.w.org\/{rel}","templated":true}]}}