{"id":2289,"date":"2024-08-06T14:35:05","date_gmt":"2024-08-06T12:35:05","guid":{"rendered":"https:\/\/villa-vena.pl\/?page_id=2289"},"modified":"2024-09-24T18:38:32","modified_gmt":"2024-09-24T16:38:32","slug":"dom","status":"publish","type":"page","link":"https:\/\/villa-vena.pl\/en\/zakwaterowanie\/dom\/","title":{"rendered":"Dom &#8211; cz\u0119\u015b\u0107 wsp\u00f3lna"},"content":{"rendered":"<div data-elementor-type=\"wp-page\" data-elementor-id=\"2289\" class=\"elementor elementor-2289\" data-elementor-post-type=\"page\">\n\t\t\t\t<div class=\"elementor-element elementor-element-eba75f5 e-flex e-con-boxed e-con e-parent\" data-id=\"eba75f5\" data-element_type=\"container\" data-settings=\"{&quot;background_background&quot;:&quot;classic&quot;}\">\n\t\t\t\t\t<div class=\"e-con-inner\">\n\t\t<div class=\"elementor-element elementor-element-a585847 e-con-full e-flex e-con e-child\" data-id=\"a585847\" data-element_type=\"container\">\n\t\t\t\t<div class=\"elementor-element elementor-element-d17efd3 elementor-widget__width-initial elementor-widget elementor-widget-heading\" data-id=\"d17efd3\" data-element_type=\"widget\" data-widget_type=\"heading.default\">\n\t\t\t\t<div class=\"elementor-widget-container\">\n\t\t\t\t\t<h4 class=\"elementor-heading-title elementor-size-default\">Zakwaterowanie<\/h4>\t\t\t\t<\/div>\n\t\t\t\t<\/div>\n\t\t\t\t<div class=\"elementor-element elementor-element-17e9e8c elementor-widget__width-initial elementor-invisible elementor-widget elementor-widget-heading\" data-id=\"17e9e8c\" data-element_type=\"widget\" data-settings=\"{&quot;_animation&quot;:&quot;fadeInLeft&quot;,&quot;_animation_delay&quot;:400}\" data-widget_type=\"heading.default\">\n\t\t\t\t<div class=\"elementor-widget-container\">\n\t\t\t\t\t<h3 class=\"elementor-heading-title elementor-size-default\">Cz\u0119\u015b\u0107 wsp\u00f3lna domu<\/h3>\t\t\t\t<\/div>\n\t\t\t\t<\/div>\n\t\t\t\t<\/div>\n\t\t\t\t\t<\/div>\n\t\t\t\t<\/div>\n\t\t<div class=\"elementor-element elementor-element-e128934 e-flex e-con-boxed e-con e-parent\" data-id=\"e128934\" data-element_type=\"container\">\n\t\t\t\t\t<div class=\"e-con-inner\">\n\t\t<div class=\"elementor-element elementor-element-e5af5e0 e-con-full e-flex e-con e-child\" data-id=\"e5af5e0\" data-element_type=\"container\" data-settings=\"{&quot;background_background&quot;:&quot;classic&quot;}\">\n\t\t\t\t<div class=\"elementor-element elementor-element-6a1b32d elementor-widget elementor-widget-spacer\" data-id=\"6a1b32d\" data-element_type=\"widget\" data-widget_type=\"spacer.default\">\n\t\t\t\t<div class=\"elementor-widget-container\">\n\t\t\t\t\t\t\t<div class=\"elementor-spacer\">\n\t\t\t<div class=\"elementor-spacer-inner\"><\/div>\n\t\t<\/div>\n\t\t\t\t\t\t<\/div>\n\t\t\t\t<\/div>\n\t\t\t\t<\/div>\n\t\t<div class=\"elementor-element elementor-element-507957b e-con-full e-flex e-con e-child\" data-id=\"507957b\" data-element_type=\"container\">\n\t\t\t\t<div class=\"elementor-element elementor-element-332e821 elementor-invisible elementor-widget elementor-widget-heading\" data-id=\"332e821\" data-element_type=\"widget\" data-settings=\"{&quot;_animation&quot;:&quot;fadeInRight&quot;,&quot;_animation_delay&quot;:300}\" data-widget_type=\"heading.default\">\n\t\t\t\t<div class=\"elementor-widget-container\">\n\t\t\t\t\t<h3 class=\"elementor-heading-title elementor-size-default\">Du\u017cy salon \/ sala kinowa<\/h3>\t\t\t\t<\/div>\n\t\t\t\t<\/div>\n\t\t\t\t<div class=\"elementor-element elementor-element-e9e2d74 elementor-widget__width-initial elementor-invisible elementor-widget elementor-widget-text-editor\" data-id=\"e9e2d74\" data-element_type=\"widget\" data-settings=\"{&quot;_animation&quot;:&quot;fadeIn&quot;,&quot;_animation_delay&quot;:500}\" data-widget_type=\"text-editor.default\">\n\t\t\t\t<div class=\"elementor-widget-container\">\n\t\t\t\t\t\t\t\t\t<ul><li>z kominkiem,<\/li><li>fotelami i stolikami<\/li><li>przestrze\u0144 wsp\u00f3lna domu<\/li><li>mo\u017cliwo\u015b\u0107 zaaran\u017cowania du\u017cego sto\u0142u \/ jadalni<\/li><li>ekran<\/li><li>rzutnik<\/li><\/ul>\t\t\t\t\t\t\t\t<\/div>\n\t\t\t\t<\/div>\n\t\t\t\t<\/div>\n\t\t\t\t\t<\/div>\n\t\t\t\t<\/div>\n\t\t<div class=\"elementor-element elementor-element-684f7ea e-flex e-con-boxed e-con e-parent\" data-id=\"684f7ea\" data-element_type=\"container\">\n\t\t\t\t\t<div class=\"e-con-inner\">\n\t\t<div class=\"elementor-element elementor-element-9328468 e-con-full e-flex e-con e-child\" data-id=\"9328468\" data-element_type=\"container\">\n\t\t\t\t<div class=\"elementor-element elementor-element-7038e71 elementor-invisible elementor-widget elementor-widget-heading\" data-id=\"7038e71\" data-element_type=\"widget\" data-settings=\"{&quot;_animation&quot;:&quot;fadeInRight&quot;,&quot;_animation_delay&quot;:300}\" data-widget_type=\"heading.default\">\n\t\t\t\t<div class=\"elementor-widget-container\">\n\t\t\t\t\t<h3 class=\"elementor-heading-title elementor-size-default\">Jadalnia\/ winiarnia \/ kuchnia<\/h3>\t\t\t\t<\/div>\n\t\t\t\t<\/div>\n\t\t\t\t<div class=\"elementor-element elementor-element-a723968 elementor-widget__width-initial elementor-invisible elementor-widget elementor-widget-text-editor\" data-id=\"a723968\" data-element_type=\"widget\" data-settings=\"{&quot;_animation&quot;:&quot;fadeIn&quot;,&quot;_animation_delay&quot;:500}\" data-widget_type=\"text-editor.default\">\n\t\t\t\t<div class=\"elementor-widget-container\">\n\t\t\t\t\t\t\t\t\t<p>(poziom -1)<\/p>\t\t\t\t\t\t\t\t<\/div>\n\t\t\t\t<\/div>\n\t\t\t\t<div class=\"elementor-element elementor-element-e124c26 elementor-widget__width-initial elementor-invisible elementor-widget elementor-widget-text-editor\" data-id=\"e124c26\" data-element_type=\"widget\" data-settings=\"{&quot;_animation&quot;:&quot;fadeIn&quot;,&quot;_animation_delay&quot;:500}\" data-widget_type=\"text-editor.default\">\n\t\t\t\t<div class=\"elementor-widget-container\">\n\t\t\t\t\t\t\t\t\t<p>Jadalnia\/ winiarnia metra\u017c : 37m2<br \/>Kuchnia metra\u017c: 20m2<\/p><p>Kuchnia wyposa\u017cona jest w lod\u00f3wk\u0119 , zamra\u017cark\u0119 , zmywark\u0119, dodatkow\u0105 ch\u0142odziark\u0119 , kostkark\u0119 do lodu oraz kuchenk\u0119 z piekarnikiem dwukomorowym. S\u0105 akcesoria do gotowania i pieczenia.\u00a0<\/p><p>W jadalni jest ekspres do kawy. Tam te\u017c znajduje si\u0119 przestrze\u0144 do odpoczynku przy kominku oraz lod\u00f3wka z selekcj\u0105 starannie wybranych win.\u00a0<\/p>\t\t\t\t\t\t\t\t<\/div>\n\t\t\t\t<\/div>\n\t\t\t\t<\/div>\n\t\t<div class=\"elementor-element elementor-element-1fd786b e-con-full e-flex e-con e-child\" data-id=\"1fd786b\" data-element_type=\"container\" data-settings=\"{&quot;background_background&quot;:&quot;classic&quot;}\">\n\t\t\t\t<div class=\"elementor-element elementor-element-ee8a8a2 elementor-widget elementor-widget-spacer\" data-id=\"ee8a8a2\" data-element_type=\"widget\" data-widget_type=\"spacer.default\">\n\t\t\t\t<div class=\"elementor-widget-container\">\n\t\t\t\t\t\t\t<div class=\"elementor-spacer\">\n\t\t\t<div class=\"elementor-spacer-inner\"><\/div>\n\t\t<\/div>\n\t\t\t\t\t\t<\/div>\n\t\t\t\t<\/div>\n\t\t\t\t<\/div>\n\t\t\t\t\t<\/div>\n\t\t\t\t<\/div>\n\t\t<div class=\"elementor-element elementor-element-5901066 e-flex e-con-boxed e-con e-parent\" data-id=\"5901066\" data-element_type=\"container\">\n\t\t\t\t\t<div class=\"e-con-inner\">\n\t\t<div class=\"elementor-element elementor-element-7de0f9a e-con-full e-flex e-con e-child\" data-id=\"7de0f9a\" data-element_type=\"container\" data-settings=\"{&quot;background_background&quot;:&quot;classic&quot;}\">\n\t\t\t\t<div class=\"elementor-element elementor-element-54c734e elementor-widget elementor-widget-spacer\" data-id=\"54c734e\" data-element_type=\"widget\" data-widget_type=\"spacer.default\">\n\t\t\t\t<div class=\"elementor-widget-container\">\n\t\t\t\t\t\t\t<div class=\"elementor-spacer\">\n\t\t\t<div class=\"elementor-spacer-inner\"><\/div>\n\t\t<\/div>\n\t\t\t\t\t\t<\/div>\n\t\t\t\t<\/div>\n\t\t\t\t<\/div>\n\t\t<div class=\"elementor-element elementor-element-980cdf6 e-con-full e-flex e-con e-child\" data-id=\"980cdf6\" data-element_type=\"container\">\n\t\t\t\t<div class=\"elementor-element elementor-element-175a79b elementor-invisible elementor-widget elementor-widget-heading\" data-id=\"175a79b\" data-element_type=\"widget\" data-settings=\"{&quot;_animation&quot;:&quot;fadeInRight&quot;,&quot;_animation_delay&quot;:300}\" data-widget_type=\"heading.default\">\n\t\t\t\t<div class=\"elementor-widget-container\">\n\t\t\t\t\t<h3 class=\"elementor-heading-title elementor-size-default\">Strefa SPA<\/h3>\t\t\t\t<\/div>\n\t\t\t\t<\/div>\n\t\t\t\t<div class=\"elementor-element elementor-element-c22222d elementor-widget__width-initial elementor-invisible elementor-widget elementor-widget-text-editor\" data-id=\"c22222d\" data-element_type=\"widget\" data-settings=\"{&quot;_animation&quot;:&quot;fadeIn&quot;,&quot;_animation_delay&quot;:500}\" data-widget_type=\"text-editor.default\">\n\t\t\t\t<div class=\"elementor-widget-container\">\n\t\t\t\t\t\t\t\t\t<p>(poziom -1)<\/p>\t\t\t\t\t\t\t\t<\/div>\n\t\t\t\t<\/div>\n\t\t\t\t<div class=\"elementor-element elementor-element-bbc7026 elementor-widget__width-initial elementor-invisible elementor-widget elementor-widget-text-editor\" data-id=\"bbc7026\" data-element_type=\"widget\" data-settings=\"{&quot;_animation&quot;:&quot;fadeIn&quot;,&quot;_animation_delay&quot;:500}\" data-widget_type=\"text-editor.default\">\n\t\t\t\t<div class=\"elementor-widget-container\">\n\t\t\t\t\t\t\t\t\t<p>Spa metra\u017c : 32m2<\/p><p>Na tym samym poziomie znajduje si\u0119 przestrze\u0144 Spa, oddzielona drzwiami. Id\u0105c wg\u0142\u0105b poziomu -1 dojdziemy do sauny , przy kt\u00f3rej znajduj\u0105 si\u0119 dwie niezale\u017cne toalety oraz prysznic. Zaraz obok jest pok\u00f3j do masa\u017cu. Sauna posiada te\u017c stref\u0119 wypoczynku.<\/p>\t\t\t\t\t\t\t\t<\/div>\n\t\t\t\t<\/div>\n\t\t\t\t<\/div>\n\t\t\t\t\t<\/div>\n\t\t\t\t<\/div>\n\t\t<div class=\"elementor-element elementor-element-9628ebd e-flex e-con-boxed e-con e-parent\" data-id=\"9628ebd\" data-element_type=\"container\">\n\t\t\t\t\t<div class=\"e-con-inner\">\n\t\t<div class=\"elementor-element elementor-element-e259245 e-con-full e-flex e-con e-child\" data-id=\"e259245\" data-element_type=\"container\">\n\t\t\t\t<div class=\"elementor-element elementor-element-d2d2bb4 elementor-invisible elementor-widget elementor-widget-heading\" data-id=\"d2d2bb4\" data-element_type=\"widget\" data-settings=\"{&quot;_animation&quot;:&quot;fadeInRight&quot;,&quot;_animation_delay&quot;:300}\" data-widget_type=\"heading.default\">\n\t\t\t\t<div class=\"elementor-widget-container\">\n\t\t\t\t\t<h3 class=\"elementor-heading-title elementor-size-default\">Yoga \/ fitness<\/h3>\t\t\t\t<\/div>\n\t\t\t\t<\/div>\n\t\t\t\t<div class=\"elementor-element elementor-element-e52acba elementor-widget__width-initial elementor-invisible elementor-widget elementor-widget-text-editor\" data-id=\"e52acba\" data-element_type=\"widget\" data-settings=\"{&quot;_animation&quot;:&quot;fadeIn&quot;,&quot;_animation_delay&quot;:500}\" data-widget_type=\"text-editor.default\">\n\t\t\t\t<div class=\"elementor-widget-container\">\n\t\t\t\t\t\t\t\t\t<p>(poziom zero)<\/p>\t\t\t\t\t\t\t\t<\/div>\n\t\t\t\t<\/div>\n\t\t\t\t<div class=\"elementor-element elementor-element-75feb88 elementor-widget__width-initial elementor-invisible elementor-widget elementor-widget-text-editor\" data-id=\"75feb88\" data-element_type=\"widget\" data-settings=\"{&quot;_animation&quot;:&quot;fadeIn&quot;,&quot;_animation_delay&quot;:500}\" data-widget_type=\"text-editor.default\">\n\t\t\t\t<div class=\"elementor-widget-container\">\n\t\t\t\t\t\t\t\t\t<p>metra\u017c : 39m2<\/p>\n<p>Dom oferuje pi\u0119kn\u0105 sal\u0119 do jogi \/ fitness wyposa\u017con\u0105 w maty, koce, paski do jogi oraz poduchy do medytacji. Sala ta ma bezpo\u015brednie wyj\u015bcie na balkon, zapewnia du\u017co \u015bwiat\u0142a i \u015bwie\u017cego powietrza. Mo\u017cna jednak z pomoc\u0105 zas\u0142on i firan otrzyma\u0107 klimatyczny p\u00f3\u0142mrok lub stonowa\u0107 poziom \u015bwiat\u0142a dla po\u017c\u0105danego efektu.<\/p>\n<p>Na tym samym poziomie po przeciwnej stronie znajduje si\u0119 czytelnia z wyposa\u017con\u0105 biblioteczk\u0105 z du\u017cym balkonem i wygodn\u0105 przestrzeni\u0105 do siedzenia lub le\u017cenia.&nbsp;<\/p>\n<p class=\"p1\"><span class=\"s1\">Nasz manager, kt\u00f3ry jest do pa\u0144stwa dyspozycji, zapewni najwy\u017cszy poziom komfortu i zadowolenia z naszej willi. Podczas Pa\u0144stwa wizyty, manager jest dost\u0119pny przez ca\u0142y czas, dbaj\u0105c o ka\u017cdy szczeg\u00f3\u0142 \u2013 od aran\u017cacji posi\u0142k\u00f3w, przez organizacj\u0119 atrakcji, po spe\u0142nianie indywidualnych \u017cycze\u0144. Dzi\u0119ki temu ka\u017cdy moment sp\u0119dzony w willi staje si\u0119 wyj\u0105tkowym i niezapomnianym prze\u017cyciem.<\/span><\/p>\n<div>&nbsp;<\/div>\t\t\t\t\t\t\t\t<\/div>\n\t\t\t\t<\/div>\n\t\t\t\t<\/div>\n\t\t<div class=\"elementor-element elementor-element-05efa52 e-con-full e-flex e-con e-child\" data-id=\"05efa52\" data-element_type=\"container\" data-settings=\"{&quot;background_background&quot;:&quot;classic&quot;}\">\n\t\t\t\t<div class=\"elementor-element elementor-element-e99df53 elementor-widget elementor-widget-spacer\" data-id=\"e99df53\" data-element_type=\"widget\" data-widget_type=\"spacer.default\">\n\t\t\t\t<div class=\"elementor-widget-container\">\n\t\t\t\t\t\t\t<div class=\"elementor-spacer\">\n\t\t\t<div class=\"elementor-spacer-inner\"><\/div>\n\t\t<\/div>\n\t\t\t\t\t\t<\/div>\n\t\t\t\t<\/div>\n\t\t\t\t<\/div>\n\t\t\t\t\t<\/div>\n\t\t\t\t<\/div>\n\t\t\t\t<\/div>","protected":false},"excerpt":{"rendered":"<p>Zakwaterowanie Cz\u0119\u015b\u0107 wsp\u00f3lna domu Du\u017cy salon \/ sala kinowa z kominkiem, fotelami i stolikami przestrze\u0144 wsp\u00f3lna domu mo\u017cliwo\u015b\u0107 zaaran\u017cowania du\u017cego sto\u0142u \/ jadalni ekran rzutnik Jadalnia\/ winiarnia \/ kuchnia (poziom -1) Jadalnia\/ winiarnia metra\u017c : 37m2Kuchnia metra\u017c: 20m2 Kuchnia wyposa\u017cona jest w lod\u00f3wk\u0119 , zamra\u017cark\u0119 , zmywark\u0119, dodatkow\u0105 ch\u0142odziark\u0119 , kostkark\u0119 do lodu oraz kuchenk\u0119 [&hellip;]<\/p>\n","protected":false},"author":1,"featured_media":0,"parent":1943,"menu_order":0,"comment_status":"closed","ping_status":"closed","template":"","meta":{"footnotes":""},"class_list":["post-2289","page","type-page","status-publish","hentry"],"yoast_head":"<!-- This site is optimized with the Yoast SEO plugin v27.5 - https:\/\/yoast.com\/product\/yoast-seo-wordpress\/ -->\n<title>Dom - cz\u0119\u015b\u0107 wsp\u00f3lna - Villa Vena<\/title>\n<meta name=\"robots\" content=\"index, follow, max-snippet:-1, max-image-preview:large, max-video-preview:-1\" \/>\n<link rel=\"canonical\" href=\"https:\/\/villa-vena.pl\/en\/zakwaterowanie\/dom\/\" \/>\n<meta property=\"og:locale\" content=\"en_GB\" \/>\n<meta property=\"og:type\" content=\"article\" \/>\n<meta property=\"og:title\" content=\"Dom - cz\u0119\u015b\u0107 wsp\u00f3lna - Villa Vena\" \/>\n<meta property=\"og:description\" content=\"Zakwaterowanie Cz\u0119\u015b\u0107 wsp\u00f3lna domu Du\u017cy salon \/ sala kinowa z kominkiem, fotelami i stolikami przestrze\u0144 wsp\u00f3lna domu mo\u017cliwo\u015b\u0107 zaaran\u017cowania du\u017cego sto\u0142u \/ jadalni ekran rzutnik Jadalnia\/ winiarnia \/ kuchnia (poziom -1) Jadalnia\/ winiarnia metra\u017c : 37m2Kuchnia metra\u017c: 20m2 Kuchnia wyposa\u017cona jest w lod\u00f3wk\u0119 , zamra\u017cark\u0119 , zmywark\u0119, dodatkow\u0105 ch\u0142odziark\u0119 , kostkark\u0119 do lodu oraz kuchenk\u0119 [&hellip;]\" \/>\n<meta property=\"og:url\" content=\"https:\/\/villa-vena.pl\/en\/zakwaterowanie\/dom\/\" \/>\n<meta property=\"og:site_name\" content=\"Villa Vena\" \/>\n<meta property=\"article:modified_time\" content=\"2024-09-24T16:38:32+00:00\" \/>\n<meta name=\"twitter:card\" content=\"summary_large_image\" \/>\n<meta name=\"twitter:label1\" content=\"Estimated reading time\" \/>\n\t<meta name=\"twitter:data1\" content=\"2 minutes\" \/>\n<script type=\"application\/ld+json\" class=\"yoast-schema-graph\">{\"@context\":\"https:\\\/\\\/schema.org\",\"@graph\":[{\"@type\":\"WebPage\",\"@id\":\"https:\\\/\\\/villa-vena.pl\\\/zakwaterowanie\\\/dom\\\/\",\"url\":\"https:\\\/\\\/villa-vena.pl\\\/zakwaterowanie\\\/dom\\\/\",\"name\":\"Dom - cz\u0119\u015b\u0107 wsp\u00f3lna - Villa Vena\",\"isPartOf\":{\"@id\":\"https:\\\/\\\/villa-vena.pl\\\/#website\"},\"datePublished\":\"2024-08-06T12:35:05+00:00\",\"dateModified\":\"2024-09-24T16:38:32+00:00\",\"breadcrumb\":{\"@id\":\"https:\\\/\\\/villa-vena.pl\\\/zakwaterowanie\\\/dom\\\/#breadcrumb\"},\"inLanguage\":\"en-GB\",\"potentialAction\":[{\"@type\":\"ReadAction\",\"target\":[\"https:\\\/\\\/villa-vena.pl\\\/zakwaterowanie\\\/dom\\\/\"]}]},{\"@type\":\"BreadcrumbList\",\"@id\":\"https:\\\/\\\/villa-vena.pl\\\/zakwaterowanie\\\/dom\\\/#breadcrumb\",\"itemListElement\":[{\"@type\":\"ListItem\",\"position\":1,\"name\":\"Home\",\"item\":\"https:\\\/\\\/villa-vena.pl\\\/\"},{\"@type\":\"ListItem\",\"position\":2,\"name\":\"Zakwaterowanie\",\"item\":\"https:\\\/\\\/villa-vena.pl\\\/zakwaterowanie\\\/\"},{\"@type\":\"ListItem\",\"position\":3,\"name\":\"Dom &#8211; cz\u0119\u015b\u0107 wsp\u00f3lna\"}]},{\"@type\":\"WebSite\",\"@id\":\"https:\\\/\\\/villa-vena.pl\\\/#website\",\"url\":\"https:\\\/\\\/villa-vena.pl\\\/\",\"name\":\"Villa Vena\",\"description\":\"Twoje miejsce w Zakopanem\",\"potentialAction\":[{\"@type\":\"SearchAction\",\"target\":{\"@type\":\"EntryPoint\",\"urlTemplate\":\"https:\\\/\\\/villa-vena.pl\\\/?s={search_term_string}\"},\"query-input\":{\"@type\":\"PropertyValueSpecification\",\"valueRequired\":true,\"valueName\":\"search_term_string\"}}],\"inLanguage\":\"en-GB\"}]}<\/script>\n<!-- \/ Yoast SEO plugin. -->","yoast_head_json":{"title":"Dom - cz\u0119\u015b\u0107 wsp\u00f3lna - Villa Vena","robots":{"index":"index","follow":"follow","max-snippet":"max-snippet:-1","max-image-preview":"max-image-preview:large","max-video-preview":"max-video-preview:-1"},"canonical":"https:\/\/villa-vena.pl\/en\/zakwaterowanie\/dom\/","og_locale":"en_GB","og_type":"article","og_title":"Dom - cz\u0119\u015b\u0107 wsp\u00f3lna - Villa Vena","og_description":"Zakwaterowanie Cz\u0119\u015b\u0107 wsp\u00f3lna domu Du\u017cy salon \/ sala kinowa z kominkiem, fotelami i stolikami przestrze\u0144 wsp\u00f3lna domu mo\u017cliwo\u015b\u0107 zaaran\u017cowania du\u017cego sto\u0142u \/ jadalni ekran rzutnik Jadalnia\/ winiarnia \/ kuchnia (poziom -1) Jadalnia\/ winiarnia metra\u017c : 37m2Kuchnia metra\u017c: 20m2 Kuchnia wyposa\u017cona jest w lod\u00f3wk\u0119 , zamra\u017cark\u0119 , zmywark\u0119, dodatkow\u0105 ch\u0142odziark\u0119 , kostkark\u0119 do lodu oraz kuchenk\u0119 [&hellip;]","og_url":"https:\/\/villa-vena.pl\/en\/zakwaterowanie\/dom\/","og_site_name":"Villa Vena","article_modified_time":"2024-09-24T16:38:32+00:00","twitter_card":"summary_large_image","twitter_misc":{"Estimated reading time":"2 minutes"},"schema":{"@context":"https:\/\/schema.org","@graph":[{"@type":"WebPage","@id":"https:\/\/villa-vena.pl\/zakwaterowanie\/dom\/","url":"https:\/\/villa-vena.pl\/zakwaterowanie\/dom\/","name":"Dom - cz\u0119\u015b\u0107 wsp\u00f3lna - Villa Vena","isPartOf":{"@id":"https:\/\/villa-vena.pl\/#website"},"datePublished":"2024-08-06T12:35:05+00:00","dateModified":"2024-09-24T16:38:32+00:00","breadcrumb":{"@id":"https:\/\/villa-vena.pl\/zakwaterowanie\/dom\/#breadcrumb"},"inLanguage":"en-GB","potentialAction":[{"@type":"ReadAction","target":["https:\/\/villa-vena.pl\/zakwaterowanie\/dom\/"]}]},{"@type":"BreadcrumbList","@id":"https:\/\/villa-vena.pl\/zakwaterowanie\/dom\/#breadcrumb","itemListElement":[{"@type":"ListItem","position":1,"name":"Home","item":"https:\/\/villa-vena.pl\/"},{"@type":"ListItem","position":2,"name":"Zakwaterowanie","item":"https:\/\/villa-vena.pl\/zakwaterowanie\/"},{"@type":"ListItem","position":3,"name":"Dom &#8211; cz\u0119\u015b\u0107 wsp\u00f3lna"}]},{"@type":"WebSite","@id":"https:\/\/villa-vena.pl\/#website","url":"https:\/\/villa-vena.pl\/","name":"Villa Vena","description":"Twoje miejsce w Zakopanem","potentialAction":[{"@type":"SearchAction","target":{"@type":"EntryPoint","urlTemplate":"https:\/\/villa-vena.pl\/?s={search_term_string}"},"query-input":{"@type":"PropertyValueSpecification","valueRequired":true,"valueName":"search_term_string"}}],"inLanguage":"en-GB"}]}},"_links":{"self":[{"href":"https:\/\/villa-vena.pl\/en\/wp-json\/wp\/v2\/pages\/2289","targetHints":{"allow":["GET"]}}],"collection":[{"href":"https:\/\/villa-vena.pl\/en\/wp-json\/wp\/v2\/pages"}],"about":[{"href":"https:\/\/villa-vena.pl\/en\/wp-json\/wp\/v2\/types\/page"}],"author":[{"embeddable":true,"href":"https:\/\/villa-vena.pl\/en\/wp-json\/wp\/v2\/users\/1"}],"replies":[{"embeddable":true,"href":"https:\/\/villa-vena.pl\/en\/wp-json\/wp\/v2\/comments?post=2289"}],"version-history":[{"count":47,"href":"https:\/\/villa-vena.pl\/en\/wp-json\/wp\/v2\/pages\/2289\/revisions"}],"predecessor-version":[{"id":3482,"href":"https:\/\/villa-vena.pl\/en\/wp-json\/wp\/v2\/pages\/2289\/revisions\/3482"}],"up":[{"embeddable":true,"href":"https:\/\/villa-vena.pl\/en\/wp-json\/wp\/v2\/pages\/1943"}],"wp:attachment":[{"href":"https:\/\/villa-vena.pl\/en\/wp-json\/wp\/v2\/media?parent=2289"}],"curies":[{"name":"wp","href":"https:\/\/api.w.org\/{rel}","templated":true}]}}