{"id":2611,"date":"2024-10-25T09:12:06","date_gmt":"2024-10-25T07:12:06","guid":{"rendered":"https:\/\/villa-vena.pl\/?page_id=2611"},"modified":"2024-10-25T09:12:06","modified_gmt":"2024-10-25T07:12:06","slug":"wyprawa-na-krzyzne","status":"publish","type":"page","link":"https:\/\/villa-vena.pl\/en\/atrakcje\/wyprawa-na-krzyzne\/","title":{"rendered":"Wyprawa na Krzy\u017cne"},"content":{"rendered":"<p>Zapraszamy na wyj\u0105tkow\u0105 wypraw\u0119, kt\u00f3ra po\u0142\u0105czy w sobie majestat g\u00f3rskiego krajobrazu i tajemnice Tatrza\u0144skiego Parku Narodowego. Nasza w\u0119dr\u00f3wka na prze\u0142\u0119cz Krzy\u017cne z przej\u015bciem do Doliny Pi\u0119ciu Staw\u00f3w, pod opiek\u0105 do\u015bwiadczonego przewodnika, to niezapomniana przygoda dla wszystkich mi\u0142o\u015bnik\u00f3w g\u00f3rskich wypraw.<\/p>\n\n\n\n<h5 class=\"wp-block-heading\">Start: Palenica Bia\u0142cza\u0144ska<\/h5>\n\n\n\n<p>Wypraw\u0119 rozpoczynamy wcze\u015bnie rano na Palenicy Bia\u0142cza\u0144skiej, sk\u0105d szlak prowadzi nas do Morskiego Oka. Ten pocz\u0105tkowy odcinek, mimo \u017ce popularny, zawsze zachwyca swoimi widokami. Po dotarciu do Morskiego Oka robimy kr\u00f3tki odpoczynek, podziwiaj\u0105c ten najpi\u0119kniejszy i najs\u0142ynniejszy tatrza\u0144ski staw.<\/p>\n\n\n\n<h5 class=\"wp-block-heading\">Drugi Etap: Dolina Roztoki<\/h5>\n\n\n\n<p>Z Morskiego Oka kierujemy si\u0119 zielonym szlakiem w stron\u0119 Doliny Roztoki. Ten odcinek jest nieco mniej ucz\u0119szczany, co pozwala w pe\u0142ni cieszy\u0107 si\u0119 spokojem i cisz\u0105 tatrza\u0144skiej przyrody. Przechodzimy przez malownicze lasy, wzd\u0142u\u017c szumi\u0105cego potoku, a\u017c do schroniska w Dolinie Roztoki, gdzie zatrzymujemy si\u0119 na kr\u00f3tki odpoczynek.<\/p>\n\n\n\n<h5 class=\"wp-block-heading\">Podej\u015bcie: Krzy\u017cne<\/h5>\n\n\n\n<p>Z Doliny Roztoki ruszamy na najtrudniejszy etap naszej w\u0119dr\u00f3wki \u2013 podej\u015bcie na prze\u0142\u0119cz Krzy\u017cne. Szlak prowadzi nas przez pi\u0119kne i dzikie zak\u0105tki, a widoki staj\u0105 si\u0119 coraz bardziej spektakularne. Podej\u015bcie jest wymagaj\u0105ce, ale nasz do\u015bwiadczony przewodnik dba o bezpiecze\u0144stwo i komfort uczestnik\u00f3w, dziel\u0105c si\u0119 jednocze\u015bnie ciekawostkami na temat tatrza\u0144skiej fauny i flory.<\/p>\n\n\n\n<h5 class=\"wp-block-heading\">Szczyt: Prze\u0142\u0119cz Krzy\u017cne<\/h5>\n\n\n\n<p>Po kilku godzinach wspinaczki docieramy na prze\u0142\u0119cz Krzy\u017cne, po\u0142o\u017con\u0105 na wysoko\u015bci 2112 metr\u00f3w n.p.m. Widok z tego miejsca jest absolutnie zapieraj\u0105cy dech w piersiach \u2013 rozpo\u015bciera si\u0119 panorama Doliny Pi\u0119ciu Staw\u00f3w, Doliny Pa\u0144szczycy oraz otaczaj\u0105cych szczyt\u00f3w. Tutaj robimy d\u0142u\u017cszy post\u00f3j, aby w pe\u0142ni nacieszy\u0107 si\u0119 tym wyj\u0105tkowym widokiem.<\/p>\n\n\n\n<h5 class=\"wp-block-heading\">Zej\u015bcie: Dolina Pi\u0119ciu Staw\u00f3w<\/h5>\n\n\n\n<p>Z Krzy\u017cnego schodzimy do Doliny Pi\u0119ciu Staw\u00f3w Polskich. Ta cz\u0119\u015b\u0107 trasy jest mniej wymagaj\u0105ca, a pi\u0119kno Doliny wynagradza trud wspinaczki. Przechodzimy obok malowniczych staw\u00f3w, kt\u00f3re niczym klejnoty wype\u0142niaj\u0105 dno doliny. Nasz przewodnik opowiada o historii tego miejsca oraz przyrodniczych ciekawostkach, kt\u00f3re czyni\u0105 Dolin\u0119 Pi\u0119ciu Staw\u00f3w tak wyj\u0105tkow\u0105.<\/p>\n\n\n\n<h5 class=\"wp-block-heading\">Powr\u00f3t: Schronisko i zej\u015bcie do Palenicy Bia\u0142cza\u0144skiej<\/h5>\n\n\n\n<p>W Dolinie Pi\u0119ciu Staw\u00f3w zatrzymujemy si\u0119 na zas\u0142u\u017cony odpoczynek w schronisku. Po chwili relaksu i posi\u0142ku, wyruszamy w drog\u0119 powrotn\u0105. Zej\u015bcie do Palenicy Bia\u0142cza\u0144skiej prowadzi nas przez Dolin\u0119 Roztoki, zamykaj\u0105c p\u0119tl\u0119 tej niesamowitej wyprawy.<\/p>\n\n\n\n<p>Wyprawa na Krzy\u017cne z przej\u015bciem do Doliny Pi\u0119ciu Staw\u00f3w pod opiek\u0105 przewodnika to nie tylko fizyczne wyzwanie, ale przede wszystkim duchowa uczta dla mi\u0142o\u015bnik\u00f3w g\u00f3r. To idealna propozycja dla tych, kt\u00f3rzy pragn\u0105 odkrywa\u0107 najpi\u0119kniejsze zak\u0105tki Tatr, ucz\u0105c si\u0119 jednocze\u015bnie od do\u015bwiadczonego przewodnika. Do\u0142\u0105cz do nas i odkrywaj z nami magi\u0119 Tatr!<\/p>","protected":false},"excerpt":{"rendered":"<p>z Przej\u015bciem do Doliny Pi\u0119ciu Staw\u00f3w z Przewodnikiem<\/p>","protected":false},"author":1,"featured_media":3483,"parent":1951,"menu_order":0,"comment_status":"closed","ping_status":"closed","template":"","meta":{"footnotes":""},"class_list":["post-2611","page","type-page","status-publish","has-post-thumbnail","hentry"],"yoast_head":"<!-- This site is optimized with the Yoast SEO plugin v27.5 - https:\/\/yoast.com\/product\/yoast-seo-wordpress\/ -->\n<title>Wyprawa na Krzy\u017cne - Villa Vena<\/title>\n<meta name=\"robots\" content=\"index, follow, max-snippet:-1, max-image-preview:large, max-video-preview:-1\" \/>\n<link rel=\"canonical\" href=\"https:\/\/villa-vena.pl\/en\/atrakcje\/wyprawa-na-krzyzne\/\" \/>\n<meta property=\"og:locale\" content=\"en_GB\" \/>\n<meta property=\"og:type\" content=\"article\" \/>\n<meta property=\"og:title\" content=\"Wyprawa na Krzy\u017cne - Villa Vena\" \/>\n<meta property=\"og:description\" content=\"z Przej\u015bciem do Doliny Pi\u0119ciu Staw\u00f3w z Przewodnikiem\" \/>\n<meta property=\"og:url\" content=\"https:\/\/villa-vena.pl\/en\/atrakcje\/wyprawa-na-krzyzne\/\" \/>\n<meta property=\"og:site_name\" content=\"Villa Vena\" \/>\n<meta property=\"og:image\" content=\"https:\/\/villa-vena.pl\/wp-content\/uploads\/krzyzne-scaled.jpg\" \/>\n\t<meta property=\"og:image:width\" content=\"2560\" \/>\n\t<meta property=\"og:image:height\" content=\"1699\" \/>\n\t<meta property=\"og:image:type\" content=\"image\/jpeg\" \/>\n<meta name=\"twitter:card\" content=\"summary_large_image\" \/>\n<meta name=\"twitter:label1\" content=\"Estimated reading time\" \/>\n\t<meta name=\"twitter:data1\" content=\"3 minutes\" \/>\n<script type=\"application\/ld+json\" class=\"yoast-schema-graph\">{\"@context\":\"https:\\\/\\\/schema.org\",\"@graph\":[{\"@type\":\"WebPage\",\"@id\":\"https:\\\/\\\/villa-vena.pl\\\/atrakcje\\\/wyprawa-na-krzyzne\\\/\",\"url\":\"https:\\\/\\\/villa-vena.pl\\\/atrakcje\\\/wyprawa-na-krzyzne\\\/\",\"name\":\"Wyprawa na Krzy\u017cne - Villa Vena\",\"isPartOf\":{\"@id\":\"https:\\\/\\\/villa-vena.pl\\\/#website\"},\"primaryImageOfPage\":{\"@id\":\"https:\\\/\\\/villa-vena.pl\\\/atrakcje\\\/wyprawa-na-krzyzne\\\/#primaryimage\"},\"image\":{\"@id\":\"https:\\\/\\\/villa-vena.pl\\\/atrakcje\\\/wyprawa-na-krzyzne\\\/#primaryimage\"},\"thumbnailUrl\":\"https:\\\/\\\/villa-vena.pl\\\/wp-content\\\/uploads\\\/krzyzne-scaled.jpg\",\"datePublished\":\"2024-10-25T07:12:06+00:00\",\"breadcrumb\":{\"@id\":\"https:\\\/\\\/villa-vena.pl\\\/atrakcje\\\/wyprawa-na-krzyzne\\\/#breadcrumb\"},\"inLanguage\":\"en-GB\",\"potentialAction\":[{\"@type\":\"ReadAction\",\"target\":[\"https:\\\/\\\/villa-vena.pl\\\/atrakcje\\\/wyprawa-na-krzyzne\\\/\"]}]},{\"@type\":\"ImageObject\",\"inLanguage\":\"en-GB\",\"@id\":\"https:\\\/\\\/villa-vena.pl\\\/atrakcje\\\/wyprawa-na-krzyzne\\\/#primaryimage\",\"url\":\"https:\\\/\\\/villa-vena.pl\\\/wp-content\\\/uploads\\\/krzyzne-scaled.jpg\",\"contentUrl\":\"https:\\\/\\\/villa-vena.pl\\\/wp-content\\\/uploads\\\/krzyzne-scaled.jpg\",\"width\":2560,\"height\":1699},{\"@type\":\"BreadcrumbList\",\"@id\":\"https:\\\/\\\/villa-vena.pl\\\/atrakcje\\\/wyprawa-na-krzyzne\\\/#breadcrumb\",\"itemListElement\":[{\"@type\":\"ListItem\",\"position\":1,\"name\":\"Home\",\"item\":\"https:\\\/\\\/villa-vena.pl\\\/\"},{\"@type\":\"ListItem\",\"position\":2,\"name\":\"Atrakcje\",\"item\":\"https:\\\/\\\/villa-vena.pl\\\/atrakcje\\\/\"},{\"@type\":\"ListItem\",\"position\":3,\"name\":\"Wyprawa na Krzy\u017cne\"}]},{\"@type\":\"WebSite\",\"@id\":\"https:\\\/\\\/villa-vena.pl\\\/#website\",\"url\":\"https:\\\/\\\/villa-vena.pl\\\/\",\"name\":\"Villa Vena\",\"description\":\"Twoje miejsce w Zakopanem\",\"potentialAction\":[{\"@type\":\"SearchAction\",\"target\":{\"@type\":\"EntryPoint\",\"urlTemplate\":\"https:\\\/\\\/villa-vena.pl\\\/?s={search_term_string}\"},\"query-input\":{\"@type\":\"PropertyValueSpecification\",\"valueRequired\":true,\"valueName\":\"search_term_string\"}}],\"inLanguage\":\"en-GB\"}]}<\/script>\n<!-- \/ Yoast SEO plugin. -->","yoast_head_json":{"title":"Wyprawa na Krzy\u017cne - Villa Vena","robots":{"index":"index","follow":"follow","max-snippet":"max-snippet:-1","max-image-preview":"max-image-preview:large","max-video-preview":"max-video-preview:-1"},"canonical":"https:\/\/villa-vena.pl\/en\/atrakcje\/wyprawa-na-krzyzne\/","og_locale":"en_GB","og_type":"article","og_title":"Wyprawa na Krzy\u017cne - Villa Vena","og_description":"z Przej\u015bciem do Doliny Pi\u0119ciu Staw\u00f3w z Przewodnikiem","og_url":"https:\/\/villa-vena.pl\/en\/atrakcje\/wyprawa-na-krzyzne\/","og_site_name":"Villa Vena","og_image":[{"width":2560,"height":1699,"url":"https:\/\/villa-vena.pl\/wp-content\/uploads\/krzyzne-scaled.jpg","type":"image\/jpeg"}],"twitter_card":"summary_large_image","twitter_misc":{"Estimated reading time":"3 minutes"},"schema":{"@context":"https:\/\/schema.org","@graph":[{"@type":"WebPage","@id":"https:\/\/villa-vena.pl\/atrakcje\/wyprawa-na-krzyzne\/","url":"https:\/\/villa-vena.pl\/atrakcje\/wyprawa-na-krzyzne\/","name":"Wyprawa na Krzy\u017cne - Villa Vena","isPartOf":{"@id":"https:\/\/villa-vena.pl\/#website"},"primaryImageOfPage":{"@id":"https:\/\/villa-vena.pl\/atrakcje\/wyprawa-na-krzyzne\/#primaryimage"},"image":{"@id":"https:\/\/villa-vena.pl\/atrakcje\/wyprawa-na-krzyzne\/#primaryimage"},"thumbnailUrl":"https:\/\/villa-vena.pl\/wp-content\/uploads\/krzyzne-scaled.jpg","datePublished":"2024-10-25T07:12:06+00:00","breadcrumb":{"@id":"https:\/\/villa-vena.pl\/atrakcje\/wyprawa-na-krzyzne\/#breadcrumb"},"inLanguage":"en-GB","potentialAction":[{"@type":"ReadAction","target":["https:\/\/villa-vena.pl\/atrakcje\/wyprawa-na-krzyzne\/"]}]},{"@type":"ImageObject","inLanguage":"en-GB","@id":"https:\/\/villa-vena.pl\/atrakcje\/wyprawa-na-krzyzne\/#primaryimage","url":"https:\/\/villa-vena.pl\/wp-content\/uploads\/krzyzne-scaled.jpg","contentUrl":"https:\/\/villa-vena.pl\/wp-content\/uploads\/krzyzne-scaled.jpg","width":2560,"height":1699},{"@type":"BreadcrumbList","@id":"https:\/\/villa-vena.pl\/atrakcje\/wyprawa-na-krzyzne\/#breadcrumb","itemListElement":[{"@type":"ListItem","position":1,"name":"Home","item":"https:\/\/villa-vena.pl\/"},{"@type":"ListItem","position":2,"name":"Atrakcje","item":"https:\/\/villa-vena.pl\/atrakcje\/"},{"@type":"ListItem","position":3,"name":"Wyprawa na Krzy\u017cne"}]},{"@type":"WebSite","@id":"https:\/\/villa-vena.pl\/#website","url":"https:\/\/villa-vena.pl\/","name":"Villa Vena","description":"Twoje miejsce w Zakopanem","potentialAction":[{"@type":"SearchAction","target":{"@type":"EntryPoint","urlTemplate":"https:\/\/villa-vena.pl\/?s={search_term_string}"},"query-input":{"@type":"PropertyValueSpecification","valueRequired":true,"valueName":"search_term_string"}}],"inLanguage":"en-GB"}]}},"_links":{"self":[{"href":"https:\/\/villa-vena.pl\/en\/wp-json\/wp\/v2\/pages\/2611","targetHints":{"allow":["GET"]}}],"collection":[{"href":"https:\/\/villa-vena.pl\/en\/wp-json\/wp\/v2\/pages"}],"about":[{"href":"https:\/\/villa-vena.pl\/en\/wp-json\/wp\/v2\/types\/page"}],"author":[{"embeddable":true,"href":"https:\/\/villa-vena.pl\/en\/wp-json\/wp\/v2\/users\/1"}],"replies":[{"embeddable":true,"href":"https:\/\/villa-vena.pl\/en\/wp-json\/wp\/v2\/comments?post=2611"}],"version-history":[{"count":1,"href":"https:\/\/villa-vena.pl\/en\/wp-json\/wp\/v2\/pages\/2611\/revisions"}],"predecessor-version":[{"id":2613,"href":"https:\/\/villa-vena.pl\/en\/wp-json\/wp\/v2\/pages\/2611\/revisions\/2613"}],"up":[{"embeddable":true,"href":"https:\/\/villa-vena.pl\/en\/wp-json\/wp\/v2\/pages\/1951"}],"wp:featuredmedia":[{"embeddable":true,"href":"https:\/\/villa-vena.pl\/en\/wp-json\/wp\/v2\/media\/3483"}],"wp:attachment":[{"href":"https:\/\/villa-vena.pl\/en\/wp-json\/wp\/v2\/media?parent=2611"}],"curies":[{"name":"wp","href":"https:\/\/api.w.org\/{rel}","templated":true}]}}